{"id":20175,"date":"2025-12-06T11:58:10","date_gmt":"2025-12-06T08:58:10","guid":{"rendered":"https:\/\/ceoparts.com\/?post_type=product&#038;p=20175"},"modified":"2026-05-03T18:49:07","modified_gmt":"2026-05-03T15:49:07","slug":"linde-kece-9620000542","status":"publish","type":"product","link":"https:\/\/ceoparts.com\/es\/urun\/linde-kece-9620000542\/","title":{"rendered":"Sello Linde &#8211; 9620000542"},"content":{"rendered":"<p>Sello Linde &#8211; 9620000542<\/p>","protected":false},"excerpt":{"rendered":"<p data-start=\"3637\" data-end=\"3936\">El <strong data-start=\"3640\" data-end=\"3676\">ret\u00e9n \/ sello Linde \u2013 9620000542<\/strong> es un componente de estanqueidad utilizado en carretillas elevadoras Linde para evitar fugas de aceite y proteger contra polvo y suciedad. Su estructura duradera reduce el desgaste de las piezas m\u00f3viles y contribuye a un funcionamiento prolongado del sistema.<\/p>\n<p data-start=\"3938\" data-end=\"3958\"><strong data-start=\"3938\" data-end=\"3958\">Caracter\u00edsticas:<\/strong><\/p>\n<ul data-start=\"3959\" data-end=\"4247\">\n<li data-start=\"3959\" data-end=\"4008\">\n<p data-start=\"3961\" data-end=\"4008\">Nombre del producto: Sello Linde \u2013 9620000542<\/p>\n<\/li>\n<li data-start=\"4009\" data-end=\"4040\">\n<p data-start=\"4011\" data-end=\"4040\">C\u00f3digo de pieza: 9620000542<\/p>\n<\/li>\n<li data-start=\"4041\" data-end=\"4108\">\n<p data-start=\"4043\" data-end=\"4108\">Material: Fieltro de sellado resistente al desgaste y al aceite<\/p>\n<\/li>\n<li data-start=\"4109\" data-end=\"4179\">\n<p data-start=\"4111\" data-end=\"4179\">\u00c1rea de uso: Sistemas mec\u00e1nicos e hidr\u00e1ulicos de carretillas Linde<\/p>\n<\/li>\n<li data-start=\"4180\" data-end=\"4247\">\n<p data-start=\"4182\" data-end=\"4247\">Ventajas: Sellado eficaz, larga vida \u00fatil, instalaci\u00f3n sencilla<\/p>\n<\/li>\n<\/ul>\n","protected":false},"featured_media":20176,"template":"","meta":[],"product_brand":[],"product_cat":[470,246,523],"product_tag":[],"class_list":{"0":"post-20175","1":"product","2":"type-product","3":"status-publish","4":"has-post-thumbnail","6":"product_cat-diger-yedek-parcalar","7":"product_cat-linde","8":"product_cat-yedek-parca-linde","10":"first","11":"instock","12":"taxable","13":"shipping-taxable","14":"purchasable","15":"product-type-simple"},"_links":{"self":[{"href":"https:\/\/ceoparts.com\/es\/wp-json\/wp\/v2\/product\/20175","targetHints":{"allow":["GET"]}}],"collection":[{"href":"https:\/\/ceoparts.com\/es\/wp-json\/wp\/v2\/product"}],"about":[{"href":"https:\/\/ceoparts.com\/es\/wp-json\/wp\/v2\/types\/product"}],"wp:featuredmedia":[{"embeddable":true,"href":"https:\/\/ceoparts.com\/es\/wp-json\/wp\/v2\/media\/20176"}],"wp:attachment":[{"href":"https:\/\/ceoparts.com\/es\/wp-json\/wp\/v2\/media?parent=20175"}],"wp:term":[{"taxonomy":"product_brand","embeddable":true,"href":"https:\/\/ceoparts.com\/es\/wp-json\/wp\/v2\/product_brand?post=20175"},{"taxonomy":"product_cat","embeddable":true,"href":"https:\/\/ceoparts.com\/es\/wp-json\/wp\/v2\/product_cat?post=20175"},{"taxonomy":"product_tag","embeddable":true,"href":"https:\/\/ceoparts.com\/es\/wp-json\/wp\/v2\/product_tag?post=20175"}],"curies":[{"name":"wp","href":"https:\/\/api.w.org\/{rel}","templated":true}]}}