{"id":20233,"date":"2025-12-17T11:38:17","date_gmt":"2025-12-17T08:38:17","guid":{"rendered":"https:\/\/ceoparts.com\/?post_type=product&#038;p=20233"},"modified":"2026-05-16T17:51:38","modified_gmt":"2026-05-16T14:51:38","slug":"320-a-schaltbau-disi-aku-soketi","status":"publish","type":"product","link":"https:\/\/ceoparts.com\/es\/urun\/320-a-schaltbau-disi-aku-soketi\/","title":{"rendered":"Conector de bater\u00eda hembra Schaltbau 320 A"},"content":{"rendered":"<p>Conector de bater\u00eda hembra Schaltbau 320 A<\/p>","protected":false},"excerpt":{"rendered":"<p data-start=\"4164\" data-end=\"4419\">El <strong data-start=\"4167\" data-end=\"4213\">conector hembra de bater\u00eda Schaltbau 320 A<\/strong> es un conector de alta corriente utilizado en sistemas de conexi\u00f3n de bater\u00edas para carretillas elevadoras y veh\u00edculos industriales. Su dise\u00f1o robusto garantiza un rendimiento estable bajo cargas elevadas.<\/p>\n<p data-start=\"4421\" data-end=\"4443\"><strong data-start=\"4421\" data-end=\"4441\">Caracter\u00edsticas:<\/strong><\/p>\n<ul data-start=\"4444\" data-end=\"4830\">\n<li data-start=\"4444\" data-end=\"4511\">\n<p data-start=\"4446\" data-end=\"4511\">Nombre del producto: Conector hembra de bater\u00eda Schaltbau 320 A<\/p>\n<\/li>\n<li data-start=\"4512\" data-end=\"4532\">\n<p data-start=\"4514\" data-end=\"4532\">Corriente: 320 A<\/p>\n<\/li>\n<li data-start=\"4533\" data-end=\"4558\">\n<p data-start=\"4535\" data-end=\"4558\">Tipo: Conector hembra<\/p>\n<\/li>\n<li data-start=\"4559\" data-end=\"4594\">\n<p data-start=\"4561\" data-end=\"4594\">Marca: Compatible con Schaltbau<\/p>\n<\/li>\n<li data-start=\"4595\" data-end=\"4678\">\n<p data-start=\"4597\" data-end=\"4678\">Material: Contactos met\u00e1licos de alta conductividad y carcasa pl\u00e1stica duradera<\/p>\n<\/li>\n<li data-start=\"4679\" data-end=\"4754\">\n<p data-start=\"4681\" data-end=\"4754\">\u00c1rea de uso: Carretillas elevadoras el\u00e9ctricas y veh\u00edculos industriales<\/p>\n<\/li>\n<li data-start=\"4755\" data-end=\"4830\">\n<p data-start=\"4757\" data-end=\"4830\">Ventajas: Alta capacidad de corriente, conexi\u00f3n segura, larga vida \u00fatil<\/p>\n<\/li>\n<\/ul>\n","protected":false},"featured_media":20239,"template":"","meta":[],"product_brand":[],"product_cat":[444],"product_tag":[],"class_list":{"0":"post-20233","1":"product","2":"type-product","3":"status-publish","4":"has-post-thumbnail","6":"product_cat-aku-fisi","8":"first","9":"instock","10":"taxable","11":"shipping-taxable","12":"purchasable","13":"product-type-simple"},"_links":{"self":[{"href":"https:\/\/ceoparts.com\/es\/wp-json\/wp\/v2\/product\/20233","targetHints":{"allow":["GET"]}}],"collection":[{"href":"https:\/\/ceoparts.com\/es\/wp-json\/wp\/v2\/product"}],"about":[{"href":"https:\/\/ceoparts.com\/es\/wp-json\/wp\/v2\/types\/product"}],"wp:featuredmedia":[{"embeddable":true,"href":"https:\/\/ceoparts.com\/es\/wp-json\/wp\/v2\/media\/20239"}],"wp:attachment":[{"href":"https:\/\/ceoparts.com\/es\/wp-json\/wp\/v2\/media?parent=20233"}],"wp:term":[{"taxonomy":"product_brand","embeddable":true,"href":"https:\/\/ceoparts.com\/es\/wp-json\/wp\/v2\/product_brand?post=20233"},{"taxonomy":"product_cat","embeddable":true,"href":"https:\/\/ceoparts.com\/es\/wp-json\/wp\/v2\/product_cat?post=20233"},{"taxonomy":"product_tag","embeddable":true,"href":"https:\/\/ceoparts.com\/es\/wp-json\/wp\/v2\/product_tag?post=20233"}],"curies":[{"name":"wp","href":"https:\/\/api.w.org\/{rel}","templated":true}]}}