{"id":20258,"date":"2025-12-18T16:01:38","date_gmt":"2025-12-18T13:01:38","guid":{"rendered":"https:\/\/ceoparts.com\/?post_type=product&#038;p=20258"},"modified":"2026-05-16T21:36:07","modified_gmt":"2026-05-16T18:36:07","slug":"jungheinrich-kaldirma-butonu-50251903","status":"publish","type":"product","link":"https:\/\/ceoparts.com\/es\/urun\/jungheinrich-kaldirma-butonu-50251903\/","title":{"rendered":"Bot\u00f3n de elevaci\u00f3n Jungheinrich &#8211; 50251903"},"content":{"rendered":"<p>Bot\u00f3n de elevaci\u00f3n Jungheinrich &#8211; 50251903<\/p>","protected":false},"excerpt":{"rendered":"<p data-start=\"3516\" data-end=\"3718\">El <strong data-start=\"3519\" data-end=\"3554\">bot\u00f3n de elevaci\u00f3n Jungheinrich<\/strong> se utiliza en carretillas elevadoras para proporcionar un control preciso de la funci\u00f3n de elevaci\u00f3n. Su dise\u00f1o robusto y ergon\u00f3mico asegura un rendimiento fiable.<\/p>\n<p data-start=\"3720\" data-end=\"3742\"><strong data-start=\"3720\" data-end=\"3740\">Caracter\u00edsticas:<\/strong><\/p>\n<ul data-start=\"3743\" data-end=\"4053\">\n<li data-start=\"3743\" data-end=\"3799\">\n<p data-start=\"3745\" data-end=\"3799\">Nombre del producto: Bot\u00f3n de elevaci\u00f3n Jungheinrich<\/p>\n<\/li>\n<li data-start=\"3800\" data-end=\"3859\">\n<p data-start=\"3802\" data-end=\"3859\">C\u00f3digo de pieza: Compatible Jungheinrich \/ seg\u00fan modelo<\/p>\n<\/li>\n<li data-start=\"3860\" data-end=\"3926\">\n<p data-start=\"3862\" data-end=\"3926\">Material: Carcasa pl\u00e1stica resistente con contactos el\u00e9ctricos<\/p>\n<\/li>\n<li data-start=\"3927\" data-end=\"3976\">\n<p data-start=\"3929\" data-end=\"3976\">\u00c1rea de uso: Sistemas de control Jungheinrich<\/p>\n<\/li>\n<li data-start=\"3977\" data-end=\"4053\">\n<p data-start=\"3979\" data-end=\"4053\">Ventajas: Control preciso, construcci\u00f3n resistente, instalaci\u00f3n sencilla<\/p>\n<\/li>\n<\/ul>\n","protected":false},"featured_media":20263,"template":"","meta":[],"product_brand":[],"product_cat":[454,522,236,251,518],"product_tag":[],"class_list":{"0":"post-20258","1":"product","2":"type-product","3":"status-publish","4":"has-post-thumbnail","6":"product_cat-switch-ve-buton","7":"product_cat-yedek-parca-jungheinrich","8":"product_cat-jungheinrich","9":"product_cat-bt","10":"product_cat-yedek-parca-bt","12":"first","13":"instock","14":"taxable","15":"shipping-taxable","16":"purchasable","17":"product-type-simple"},"_links":{"self":[{"href":"https:\/\/ceoparts.com\/es\/wp-json\/wp\/v2\/product\/20258","targetHints":{"allow":["GET"]}}],"collection":[{"href":"https:\/\/ceoparts.com\/es\/wp-json\/wp\/v2\/product"}],"about":[{"href":"https:\/\/ceoparts.com\/es\/wp-json\/wp\/v2\/types\/product"}],"wp:featuredmedia":[{"embeddable":true,"href":"https:\/\/ceoparts.com\/es\/wp-json\/wp\/v2\/media\/20263"}],"wp:attachment":[{"href":"https:\/\/ceoparts.com\/es\/wp-json\/wp\/v2\/media?parent=20258"}],"wp:term":[{"taxonomy":"product_brand","embeddable":true,"href":"https:\/\/ceoparts.com\/es\/wp-json\/wp\/v2\/product_brand?post=20258"},{"taxonomy":"product_cat","embeddable":true,"href":"https:\/\/ceoparts.com\/es\/wp-json\/wp\/v2\/product_cat?post=20258"},{"taxonomy":"product_tag","embeddable":true,"href":"https:\/\/ceoparts.com\/es\/wp-json\/wp\/v2\/product_tag?post=20258"}],"curies":[{"name":"wp","href":"https:\/\/api.w.org\/{rel}","templated":true}]}}