{"id":20283,"date":"2025-12-19T09:41:19","date_gmt":"2025-12-19T06:41:19","guid":{"rendered":"https:\/\/ceoparts.com\/?post_type=product&#038;p=20283"},"modified":"2026-05-16T19:54:59","modified_gmt":"2026-05-16T16:54:59","slug":"fren-manyetigi-lp200-7552246","status":"publish","type":"product","link":"https:\/\/ceoparts.com\/es\/urun\/fren-manyetigi-lp200-7552246\/","title":{"rendered":"Im\u00e1n de freno LPE200 &#8211; 7552246"},"content":{"rendered":"<p>Im\u00e1n de freno LPE200 &#8211; 7552246<\/p>","protected":false},"excerpt":{"rendered":"<p data-start=\"3209\" data-end=\"3395\">El <strong data-start=\"3212\" data-end=\"3245\">im\u00e1n de freno LPE200 \u2013 7552246<\/strong> es un componente electromagn\u00e9tico utilizado en sistemas de frenado de veh\u00edculos industriales y de almac\u00e9n, proporcionando un frenado r\u00e1pido y seguro.<\/p>\n<p data-start=\"3397\" data-end=\"3417\"><strong data-start=\"3397\" data-end=\"3417\">Caracter\u00edsticas:<\/strong><\/p>\n<ul data-start=\"3418\" data-end=\"3710\">\n<li data-start=\"3418\" data-end=\"3472\">\n<p data-start=\"3420\" data-end=\"3472\">Nombre del producto: Im\u00e1n de freno LPE200 \u2013 7552246<\/p>\n<\/li>\n<li data-start=\"3473\" data-end=\"3501\">\n<p data-start=\"3475\" data-end=\"3501\">C\u00f3digo de pieza: 7552246<\/p>\n<\/li>\n<li data-start=\"3502\" data-end=\"3519\">\n<p data-start=\"3504\" data-end=\"3519\">Modelo: LPE200<\/p>\n<\/li>\n<li data-start=\"3520\" data-end=\"3560\">\n<p data-start=\"3522\" data-end=\"3560\">Tipo: Im\u00e1n de freno electromagn\u00e9tico<\/p>\n<\/li>\n<li data-start=\"3561\" data-end=\"3646\">\n<p data-start=\"3563\" data-end=\"3646\">\u00c1rea de uso: Sistemas de freno para carretillas elevadoras y veh\u00edculos de almac\u00e9n<\/p>\n<\/li>\n<li data-start=\"3647\" data-end=\"3710\">\n<p data-start=\"3649\" data-end=\"3710\">Ventajas: Respuesta r\u00e1pida, frenado fiable, larga vida \u00fatil<\/p>\n<\/li>\n<\/ul>\n","protected":false},"featured_media":20284,"template":"","meta":[],"product_brand":[],"product_cat":[449],"product_tag":[],"class_list":{"0":"post-20283","1":"product","2":"type-product","3":"status-publish","4":"has-post-thumbnail","6":"product_cat-fren-sistem-parcalari","8":"first","9":"instock","10":"taxable","11":"shipping-taxable","12":"purchasable","13":"product-type-simple"},"_links":{"self":[{"href":"https:\/\/ceoparts.com\/es\/wp-json\/wp\/v2\/product\/20283","targetHints":{"allow":["GET"]}}],"collection":[{"href":"https:\/\/ceoparts.com\/es\/wp-json\/wp\/v2\/product"}],"about":[{"href":"https:\/\/ceoparts.com\/es\/wp-json\/wp\/v2\/types\/product"}],"wp:featuredmedia":[{"embeddable":true,"href":"https:\/\/ceoparts.com\/es\/wp-json\/wp\/v2\/media\/20284"}],"wp:attachment":[{"href":"https:\/\/ceoparts.com\/es\/wp-json\/wp\/v2\/media?parent=20283"}],"wp:term":[{"taxonomy":"product_brand","embeddable":true,"href":"https:\/\/ceoparts.com\/es\/wp-json\/wp\/v2\/product_brand?post=20283"},{"taxonomy":"product_cat","embeddable":true,"href":"https:\/\/ceoparts.com\/es\/wp-json\/wp\/v2\/product_cat?post=20283"},{"taxonomy":"product_tag","embeddable":true,"href":"https:\/\/ceoparts.com\/es\/wp-json\/wp\/v2\/product_tag?post=20283"}],"curies":[{"name":"wp","href":"https:\/\/api.w.org\/{rel}","templated":true}]}}