{"id":20296,"date":"2025-12-19T10:58:53","date_gmt":"2025-12-19T07:58:53","guid":{"rendered":"https:\/\/ceoparts.com\/?post_type=product&#038;p=20296"},"modified":"2026-05-16T17:22:52","modified_gmt":"2026-05-16T14:22:52","slug":"albright-kontaktor-ed250b34","status":"publish","type":"product","link":"https:\/\/ceoparts.com\/es\/urun\/albright-kontaktor-ed250b34\/","title":{"rendered":"Contattore Albright &#8211; ED250B34"},"content":{"rendered":"<p>Contattore Albright &#8211; ED250B34<\/p>","protected":false},"excerpt":{"rendered":"<p data-start=\"3354\" data-end=\"3579\">El <strong data-start=\"3357\" data-end=\"3390\">contactor Albright \u2013 ED250B34<\/strong> est\u00e1 dise\u00f1ado para la conmutaci\u00f3n de alta corriente en carretillas elevadoras el\u00e9ctricas y aplicaciones industriales. Su construcci\u00f3n robusta garantiza un funcionamiento fiable y duradero.<\/p>\n<p data-start=\"3581\" data-end=\"3601\"><strong data-start=\"3581\" data-end=\"3601\">Caracter\u00edsticas:<\/strong><\/p>\n<ul data-start=\"3602\" data-end=\"3892\">\n<li data-start=\"3602\" data-end=\"3656\">\n<p data-start=\"3604\" data-end=\"3656\">Nombre del producto: Contactor Albright \u2013 ED250B34<\/p>\n<\/li>\n<li data-start=\"3657\" data-end=\"3686\">\n<p data-start=\"3659\" data-end=\"3686\">C\u00f3digo de pieza: ED250B34<\/p>\n<\/li>\n<li data-start=\"3687\" data-end=\"3706\">\n<p data-start=\"3689\" data-end=\"3706\">Marca: Albright<\/p>\n<\/li>\n<li data-start=\"3707\" data-end=\"3738\">\n<p data-start=\"3709\" data-end=\"3738\">Tipo: Contactor de potencia<\/p>\n<\/li>\n<li data-start=\"3739\" data-end=\"3813\">\n<p data-start=\"3741\" data-end=\"3813\">\u00c1rea de uso: Carretillas elevadoras el\u00e9ctricas y sistemas industriales<\/p>\n<\/li>\n<li data-start=\"3814\" data-end=\"3892\">\n<p data-start=\"3816\" data-end=\"3892\">Ventajas: Alta capacidad de corriente, conmutaci\u00f3n fiable, larga vida \u00fatil<\/p>\n<\/li>\n<\/ul>\n","protected":false},"featured_media":20299,"template":"","meta":[],"product_brand":[],"product_cat":[462],"product_tag":[],"class_list":{"0":"post-20296","1":"product","2":"type-product","3":"status-publish","4":"has-post-thumbnail","6":"product_cat-kontaktorler","8":"first","9":"instock","10":"taxable","11":"shipping-taxable","12":"purchasable","13":"product-type-simple"},"_links":{"self":[{"href":"https:\/\/ceoparts.com\/es\/wp-json\/wp\/v2\/product\/20296","targetHints":{"allow":["GET"]}}],"collection":[{"href":"https:\/\/ceoparts.com\/es\/wp-json\/wp\/v2\/product"}],"about":[{"href":"https:\/\/ceoparts.com\/es\/wp-json\/wp\/v2\/types\/product"}],"wp:featuredmedia":[{"embeddable":true,"href":"https:\/\/ceoparts.com\/es\/wp-json\/wp\/v2\/media\/20299"}],"wp:attachment":[{"href":"https:\/\/ceoparts.com\/es\/wp-json\/wp\/v2\/media?parent=20296"}],"wp:term":[{"taxonomy":"product_brand","embeddable":true,"href":"https:\/\/ceoparts.com\/es\/wp-json\/wp\/v2\/product_brand?post=20296"},{"taxonomy":"product_cat","embeddable":true,"href":"https:\/\/ceoparts.com\/es\/wp-json\/wp\/v2\/product_cat?post=20296"},{"taxonomy":"product_tag","embeddable":true,"href":"https:\/\/ceoparts.com\/es\/wp-json\/wp\/v2\/product_tag?post=20296"}],"curies":[{"name":"wp","href":"https:\/\/api.w.org\/{rel}","templated":true}]}}