{"id":20303,"date":"2025-12-19T12:50:46","date_gmt":"2025-12-19T09:50:46","guid":{"rendered":"https:\/\/ceoparts.com\/?post_type=product&#038;p=20303"},"modified":"2026-05-16T15:51:46","modified_gmt":"2026-05-16T12:51:46","slug":"bt-lpe-spe-platform-7566866-031","status":"publish","type":"product","link":"https:\/\/ceoparts.com\/es\/urun\/bt-lpe-spe-platform-7566866-031\/","title":{"rendered":"Plataforma BT LPE \/ SPE &#8211; 7566866-031"},"content":{"rendered":"<p>Plataforma BT LPE \/ SPE &#8211; 7566866-031<\/p>","protected":false},"excerpt":{"rendered":"<p data-start=\"3386\" data-end=\"3615\">La <strong data-start=\"3389\" data-end=\"3430\">plataforma BT LPE \/ SPE \u2013 7566866-031<\/strong> se utiliza en aplicaciones de almac\u00e9n y log\u00edstica, proporcionando al operador una superficie de trabajo estable y segura. Su construcci\u00f3n robusta garantiza un uso intensivo y duradero.<\/p>\n<p data-start=\"3617\" data-end=\"3637\"><strong data-start=\"3617\" data-end=\"3637\">Caracter\u00edsticas:<\/strong><\/p>\n<ul data-start=\"3638\" data-end=\"3901\">\n<li data-start=\"3638\" data-end=\"3700\">\n<p data-start=\"3640\" data-end=\"3700\">Nombre del producto: Plataforma BT LPE \/ SPE \u2013 7566866-031<\/p>\n<\/li>\n<li data-start=\"3701\" data-end=\"3733\">\n<p data-start=\"3703\" data-end=\"3733\">C\u00f3digo de pieza: 7566866-031<\/p>\n<\/li>\n<li data-start=\"3734\" data-end=\"3787\">\n<p data-start=\"3736\" data-end=\"3787\">Material: Estructura met\u00e1lica de alta resistencia<\/p>\n<\/li>\n<li data-start=\"3788\" data-end=\"3840\">\n<p data-start=\"3790\" data-end=\"3840\">\u00c1rea de uso: Veh\u00edculos BT LPE \/ SPE para almac\u00e9n<\/p>\n<\/li>\n<li data-start=\"3841\" data-end=\"3901\">\n<p data-start=\"3843\" data-end=\"3901\">Ventajas: Uso seguro, dise\u00f1o resistente, larga vida \u00fatil<\/p>\n<\/li>\n<\/ul>\n","protected":false},"featured_media":20305,"template":"","meta":[],"product_brand":[],"product_cat":[251,472,518],"product_tag":[],"class_list":{"0":"post-20303","1":"product","2":"type-product","3":"status-publish","4":"has-post-thumbnail","6":"product_cat-bt","7":"product_cat-kaporta-aksami","8":"product_cat-yedek-parca-bt","10":"first","11":"instock","12":"taxable","13":"shipping-taxable","14":"purchasable","15":"product-type-simple"},"_links":{"self":[{"href":"https:\/\/ceoparts.com\/es\/wp-json\/wp\/v2\/product\/20303","targetHints":{"allow":["GET"]}}],"collection":[{"href":"https:\/\/ceoparts.com\/es\/wp-json\/wp\/v2\/product"}],"about":[{"href":"https:\/\/ceoparts.com\/es\/wp-json\/wp\/v2\/types\/product"}],"wp:featuredmedia":[{"embeddable":true,"href":"https:\/\/ceoparts.com\/es\/wp-json\/wp\/v2\/media\/20305"}],"wp:attachment":[{"href":"https:\/\/ceoparts.com\/es\/wp-json\/wp\/v2\/media?parent=20303"}],"wp:term":[{"taxonomy":"product_brand","embeddable":true,"href":"https:\/\/ceoparts.com\/es\/wp-json\/wp\/v2\/product_brand?post=20303"},{"taxonomy":"product_cat","embeddable":true,"href":"https:\/\/ceoparts.com\/es\/wp-json\/wp\/v2\/product_cat?post=20303"},{"taxonomy":"product_tag","embeddable":true,"href":"https:\/\/ceoparts.com\/es\/wp-json\/wp\/v2\/product_tag?post=20303"}],"curies":[{"name":"wp","href":"https:\/\/api.w.org\/{rel}","templated":true}]}}