{"id":20309,"date":"2025-12-19T13:09:52","date_gmt":"2025-12-19T10:09:52","guid":{"rendered":"https:\/\/ceoparts.com\/?post_type=product&#038;p=20309"},"modified":"2026-05-16T17:29:05","modified_gmt":"2026-05-16T14:29:05","slug":"jungheinrich-kece-51058822","status":"publish","type":"product","link":"https:\/\/ceoparts.com\/es\/urun\/jungheinrich-kece-51058822\/","title":{"rendered":"Sello Jungheinrich &#8211; 51058822"},"content":{"rendered":"<p>Sello Jungheinrich &#8211; 51058822<\/p>","protected":false},"excerpt":{"rendered":"<p data-start=\"3315\" data-end=\"3512\">El <strong data-start=\"3318\" data-end=\"3351\">ret\u00e9n Jungheinrich \u2013 51058822<\/strong> se utiliza en carretillas elevadoras para garantizar la estanqueidad de los sistemas hidr\u00e1ulicos y mec\u00e1nicos, evitando fugas de aceite y la entrada de suciedad.<\/p>\n<p data-start=\"3514\" data-end=\"3534\"><strong data-start=\"3514\" data-end=\"3534\">Caracter\u00edsticas:<\/strong><\/p>\n<ul data-start=\"3535\" data-end=\"3823\">\n<li data-start=\"3535\" data-end=\"3589\">\n<p data-start=\"3537\" data-end=\"3589\">Nombre del producto: Ret\u00e9n Jungheinrich \u2013 51058822<\/p>\n<\/li>\n<li data-start=\"3590\" data-end=\"3619\">\n<p data-start=\"3592\" data-end=\"3619\">C\u00f3digo de pieza: 51058822<\/p>\n<\/li>\n<li data-start=\"3620\" data-end=\"3688\">\n<p data-start=\"3622\" data-end=\"3688\">Material: Material de sellado resistente al aceite y al desgaste<\/p>\n<\/li>\n<li data-start=\"3689\" data-end=\"3751\">\n<p data-start=\"3691\" data-end=\"3751\">\u00c1rea de uso: Sistemas hidr\u00e1ulicos y mec\u00e1nicos Jungheinrich<\/p>\n<\/li>\n<li data-start=\"3752\" data-end=\"3823\">\n<p data-start=\"3754\" data-end=\"3823\">Ventajas: Alta estanqueidad, larga vida \u00fatil, funcionamiento fiable<\/p>\n<\/li>\n<\/ul>\n","protected":false},"featured_media":20312,"template":"","meta":[],"product_brand":[],"product_cat":[236,470,522],"product_tag":[],"class_list":{"0":"post-20309","1":"product","2":"type-product","3":"status-publish","4":"has-post-thumbnail","6":"product_cat-jungheinrich","7":"product_cat-diger-yedek-parcalar","8":"product_cat-yedek-parca-jungheinrich","10":"first","11":"instock","12":"taxable","13":"shipping-taxable","14":"purchasable","15":"product-type-simple"},"_links":{"self":[{"href":"https:\/\/ceoparts.com\/es\/wp-json\/wp\/v2\/product\/20309","targetHints":{"allow":["GET"]}}],"collection":[{"href":"https:\/\/ceoparts.com\/es\/wp-json\/wp\/v2\/product"}],"about":[{"href":"https:\/\/ceoparts.com\/es\/wp-json\/wp\/v2\/types\/product"}],"wp:featuredmedia":[{"embeddable":true,"href":"https:\/\/ceoparts.com\/es\/wp-json\/wp\/v2\/media\/20312"}],"wp:attachment":[{"href":"https:\/\/ceoparts.com\/es\/wp-json\/wp\/v2\/media?parent=20309"}],"wp:term":[{"taxonomy":"product_brand","embeddable":true,"href":"https:\/\/ceoparts.com\/es\/wp-json\/wp\/v2\/product_brand?post=20309"},{"taxonomy":"product_cat","embeddable":true,"href":"https:\/\/ceoparts.com\/es\/wp-json\/wp\/v2\/product_cat?post=20309"},{"taxonomy":"product_tag","embeddable":true,"href":"https:\/\/ceoparts.com\/es\/wp-json\/wp\/v2\/product_tag?post=20309"}],"curies":[{"name":"wp","href":"https:\/\/api.w.org\/{rel}","templated":true}]}}