{"id":20313,"date":"2025-12-19T13:16:51","date_gmt":"2025-12-19T10:16:51","guid":{"rendered":"https:\/\/ceoparts.com\/?post_type=product&#038;p=20313"},"modified":"2026-05-16T14:22:28","modified_gmt":"2026-05-16T11:22:28","slug":"kontak-anahtari-802","status":"publish","type":"product","link":"https:\/\/ceoparts.com\/es\/urun\/kontak-anahtari-802\/","title":{"rendered":"Interruptor de encendido 802"},"content":{"rendered":"<p>Interruptor de encendido 802<\/p>","protected":false},"excerpt":{"rendered":"<p data-start=\"3558\" data-end=\"3817\">El <strong data-start=\"3561\" data-end=\"3593\">interruptor de encendido 802<\/strong> se utiliza en carretillas elevadoras y veh\u00edculos industriales para controlar de forma segura la funci\u00f3n de encendido\/apagado del sistema el\u00e9ctrico. Su construcci\u00f3n resistente y contactos fiables ofrecen una larga vida \u00fatil.<\/p>\n<p data-start=\"3819\" data-end=\"3842\"><strong data-start=\"3819\" data-end=\"3840\">Caracter\u00edsticas :<\/strong><\/p>\n<ul data-start=\"3843\" data-end=\"4151\">\n<li data-start=\"3843\" data-end=\"3896\">\n<p data-start=\"3845\" data-end=\"3896\">Nombre del producto: Interruptor de encendido 802<\/p>\n<\/li>\n<li data-start=\"3897\" data-end=\"3941\">\n<p data-start=\"3899\" data-end=\"3941\">Tipo: Interruptor de ignici\u00f3n \/ arranque<\/p>\n<\/li>\n<li data-start=\"3942\" data-end=\"4019\">\n<p data-start=\"3944\" data-end=\"4019\">Material: Carcasa met\u00e1lica resistente con contactos el\u00e9ctricos de calidad<\/p>\n<\/li>\n<li data-start=\"4020\" data-end=\"4083\">\n<p data-start=\"4022\" data-end=\"4083\">\u00c1rea de uso: Carretillas elevadoras, veh\u00edculos industriales<\/p>\n<\/li>\n<li data-start=\"4084\" data-end=\"4151\">\n<p data-start=\"4086\" data-end=\"4151\">Ventajas: Arranque fiable, dise\u00f1o robusto, instalaci\u00f3n sencilla<\/p>\n<\/li>\n<\/ul>\n","protected":false},"featured_media":20314,"template":"","meta":[],"product_brand":[],"product_cat":[469],"product_tag":[],"class_list":{"0":"post-20313","1":"product","2":"type-product","3":"status-publish","4":"has-post-thumbnail","6":"product_cat-elektrik-ve-sistem-parcalari","8":"first","9":"instock","10":"taxable","11":"shipping-taxable","12":"purchasable","13":"product-type-simple"},"_links":{"self":[{"href":"https:\/\/ceoparts.com\/es\/wp-json\/wp\/v2\/product\/20313","targetHints":{"allow":["GET"]}}],"collection":[{"href":"https:\/\/ceoparts.com\/es\/wp-json\/wp\/v2\/product"}],"about":[{"href":"https:\/\/ceoparts.com\/es\/wp-json\/wp\/v2\/types\/product"}],"wp:featuredmedia":[{"embeddable":true,"href":"https:\/\/ceoparts.com\/es\/wp-json\/wp\/v2\/media\/20314"}],"wp:attachment":[{"href":"https:\/\/ceoparts.com\/es\/wp-json\/wp\/v2\/media?parent=20313"}],"wp:term":[{"taxonomy":"product_brand","embeddable":true,"href":"https:\/\/ceoparts.com\/es\/wp-json\/wp\/v2\/product_brand?post=20313"},{"taxonomy":"product_cat","embeddable":true,"href":"https:\/\/ceoparts.com\/es\/wp-json\/wp\/v2\/product_cat?post=20313"},{"taxonomy":"product_tag","embeddable":true,"href":"https:\/\/ceoparts.com\/es\/wp-json\/wp\/v2\/product_tag?post=20313"}],"curies":[{"name":"wp","href":"https:\/\/api.w.org\/{rel}","templated":true}]}}