{"id":20316,"date":"2025-12-19T13:21:02","date_gmt":"2025-12-19T10:21:02","guid":{"rendered":"https:\/\/ceoparts.com\/?post_type=product&#038;p=20316"},"modified":"2026-05-16T14:28:43","modified_gmt":"2026-05-16T11:28:43","slug":"kontak-anahtari-801","status":"publish","type":"product","link":"https:\/\/ceoparts.com\/es\/urun\/kontak-anahtari-801\/","title":{"rendered":"Interruptor de encendido 801 &#8211;  5008280"},"content":{"rendered":"<p>Interruptor de encendido 801 &#8211;  5008280<\/p>","protected":false},"excerpt":{"rendered":"<p data-start=\"3476\" data-end=\"3725\">El <strong data-start=\"3479\" data-end=\"3521\">interruptor de encendido 801 \u2013 5008280<\/strong> se utiliza en carretillas elevadoras y veh\u00edculos industriales para controlar de forma segura el encendido y apagado del sistema el\u00e9ctrico. Su dise\u00f1o robusto garantiza un funcionamiento fiable y duradero.<\/p>\n<p data-start=\"3727\" data-end=\"3747\"><strong data-start=\"3727\" data-end=\"3747\">Caracter\u00edsticas:<\/strong><\/p>\n<ul data-start=\"3748\" data-end=\"4065\">\n<li data-start=\"3748\" data-end=\"3811\">\n<p data-start=\"3750\" data-end=\"3811\">Nombre del producto: Interruptor de encendido 801 \u2013 5008280<\/p>\n<\/li>\n<li data-start=\"3812\" data-end=\"3840\">\n<p data-start=\"3814\" data-end=\"3840\">C\u00f3digo de pieza: 5008280<\/p>\n<\/li>\n<li data-start=\"3841\" data-end=\"3854\">\n<p data-start=\"3843\" data-end=\"3854\">Tipo: 801<\/p>\n<\/li>\n<li data-start=\"3855\" data-end=\"3910\">\n<p data-start=\"3857\" data-end=\"3910\">Material: Carcasa met\u00e1lica con contactos el\u00e9ctricos<\/p>\n<\/li>\n<li data-start=\"3911\" data-end=\"3998\">\n<p data-start=\"3913\" data-end=\"3998\">\u00c1rea de uso: Sistemas el\u00e9ctricos de carretillas elevadoras y veh\u00edculos industriales<\/p>\n<\/li>\n<li data-start=\"3999\" data-end=\"4065\">\n<p data-start=\"4001\" data-end=\"4065\">Ventajas: Encendido fiable, larga vida \u00fatil, f\u00e1cil instalaci\u00f3n<\/p>\n<\/li>\n<\/ul>\n","protected":false},"featured_media":20317,"template":"","meta":[],"product_brand":[],"product_cat":[469],"product_tag":[],"class_list":{"0":"post-20316","1":"product","2":"type-product","3":"status-publish","4":"has-post-thumbnail","6":"product_cat-elektrik-ve-sistem-parcalari","8":"first","9":"instock","10":"taxable","11":"shipping-taxable","12":"purchasable","13":"product-type-simple"},"_links":{"self":[{"href":"https:\/\/ceoparts.com\/es\/wp-json\/wp\/v2\/product\/20316","targetHints":{"allow":["GET"]}}],"collection":[{"href":"https:\/\/ceoparts.com\/es\/wp-json\/wp\/v2\/product"}],"about":[{"href":"https:\/\/ceoparts.com\/es\/wp-json\/wp\/v2\/types\/product"}],"wp:featuredmedia":[{"embeddable":true,"href":"https:\/\/ceoparts.com\/es\/wp-json\/wp\/v2\/media\/20317"}],"wp:attachment":[{"href":"https:\/\/ceoparts.com\/es\/wp-json\/wp\/v2\/media?parent=20316"}],"wp:term":[{"taxonomy":"product_brand","embeddable":true,"href":"https:\/\/ceoparts.com\/es\/wp-json\/wp\/v2\/product_brand?post=20316"},{"taxonomy":"product_cat","embeddable":true,"href":"https:\/\/ceoparts.com\/es\/wp-json\/wp\/v2\/product_cat?post=20316"},{"taxonomy":"product_tag","embeddable":true,"href":"https:\/\/ceoparts.com\/es\/wp-json\/wp\/v2\/product_tag?post=20316"}],"curies":[{"name":"wp","href":"https:\/\/api.w.org\/{rel}","templated":true}]}}