{"id":20325,"date":"2025-12-19T15:55:31","date_gmt":"2025-12-19T12:55:31","guid":{"rendered":"https:\/\/ceoparts.com\/?post_type=product&#038;p=20325"},"modified":"2026-05-16T15:00:52","modified_gmt":"2026-05-16T12:00:52","slug":"jungheinrich-hidrolik-filtre-51085217","status":"publish","type":"product","link":"https:\/\/ceoparts.com\/es\/urun\/jungheinrich-hidrolik-filtre-51085217\/","title":{"rendered":"Filtro hidr\u00e1ulico Jungheinrich &#8211; 51085217"},"content":{"rendered":"<p>Filtro hidr\u00e1ulico Jungheinrich &#8211; 51085217<\/p>","protected":false},"excerpt":{"rendered":"<p data-start=\"3589\" data-end=\"3806\">El <strong data-start=\"3592\" data-end=\"3626\">filtro hidr\u00e1ulico Jungheinrich<\/strong> filtra la suciedad y las part\u00edculas met\u00e1licas del aceite hidr\u00e1ulico, protegiendo bombas, v\u00e1lvulas y cilindros. Ayuda a mantener el rendimiento y prolonga la vida \u00fatil del sistema.<\/p>\n<p data-start=\"3808\" data-end=\"3828\"><strong data-start=\"3808\" data-end=\"3828\">Caracter\u00edsticas:<\/strong><\/p>\n<ul data-start=\"3829\" data-end=\"4120\">\n<li data-start=\"3829\" data-end=\"3884\">\n<p data-start=\"3831\" data-end=\"3884\">Nombre del producto: Filtro hidr\u00e1ulico Jungheinrich<\/p>\n<\/li>\n<li data-start=\"3885\" data-end=\"3924\">\n<p data-start=\"3887\" data-end=\"3924\">C\u00f3digo: Compatible con Jungheinrich<\/p>\n<\/li>\n<li data-start=\"3925\" data-end=\"3996\">\n<p data-start=\"3927\" data-end=\"3996\">Material: Medio filtrante de papel \/ sint\u00e9tico con carcasa met\u00e1lica<\/p>\n<\/li>\n<li data-start=\"3997\" data-end=\"4047\">\n<p data-start=\"3999\" data-end=\"4047\">\u00c1rea de uso: Sistemas hidr\u00e1ulicos Jungheinrich<\/p>\n<\/li>\n<li data-start=\"4048\" data-end=\"4120\">\n<p data-start=\"4050\" data-end=\"4120\">Ventajas: Filtraci\u00f3n eficaz, protecci\u00f3n del sistema, larga vida \u00fatil<\/p>\n<\/li>\n<\/ul>\n","protected":false},"featured_media":20813,"template":"","meta":[],"product_brand":[],"product_cat":[236,246,498,522,523],"product_tag":[],"class_list":{"0":"post-20325","1":"product","2":"type-product","3":"status-publish","4":"has-post-thumbnail","6":"product_cat-jungheinrich","7":"product_cat-linde","8":"product_cat-filtre-cesitleri","9":"product_cat-yedek-parca-jungheinrich","10":"product_cat-yedek-parca-linde","12":"first","13":"instock","14":"taxable","15":"shipping-taxable","16":"purchasable","17":"product-type-simple"},"_links":{"self":[{"href":"https:\/\/ceoparts.com\/es\/wp-json\/wp\/v2\/product\/20325","targetHints":{"allow":["GET"]}}],"collection":[{"href":"https:\/\/ceoparts.com\/es\/wp-json\/wp\/v2\/product"}],"about":[{"href":"https:\/\/ceoparts.com\/es\/wp-json\/wp\/v2\/types\/product"}],"wp:featuredmedia":[{"embeddable":true,"href":"https:\/\/ceoparts.com\/es\/wp-json\/wp\/v2\/media\/20813"}],"wp:attachment":[{"href":"https:\/\/ceoparts.com\/es\/wp-json\/wp\/v2\/media?parent=20325"}],"wp:term":[{"taxonomy":"product_brand","embeddable":true,"href":"https:\/\/ceoparts.com\/es\/wp-json\/wp\/v2\/product_brand?post=20325"},{"taxonomy":"product_cat","embeddable":true,"href":"https:\/\/ceoparts.com\/es\/wp-json\/wp\/v2\/product_cat?post=20325"},{"taxonomy":"product_tag","embeddable":true,"href":"https:\/\/ceoparts.com\/es\/wp-json\/wp\/v2\/product_tag?post=20325"}],"curies":[{"name":"wp","href":"https:\/\/api.w.org\/{rel}","templated":true}]}}