{"id":20408,"date":"2025-12-29T16:53:51","date_gmt":"2025-12-29T13:53:51","guid":{"rendered":"https:\/\/ceoparts.com\/?post_type=product&#038;p=20408"},"modified":"2026-05-16T19:44:15","modified_gmt":"2026-05-16T16:44:15","slug":"jungheinrich-metal-plaka-51129986","status":"publish","type":"product","link":"https:\/\/ceoparts.com\/es\/urun\/jungheinrich-metal-plaka-51129986\/","title":{"rendered":"Placa met\u00e1lica Jungheinrich &#8211; 51129986"},"content":{"rendered":"<p>Placa met\u00e1lica Jungheinrich &#8211; 51129986<\/p>","protected":false},"excerpt":{"rendered":"<p data-start=\"3400\" data-end=\"3648\">La <strong data-start=\"3403\" data-end=\"3445\">placa met\u00e1lica Jungheinrich \u2013 51129986<\/strong> se utiliza en carretillas elevadoras como elemento de soporte, fijaci\u00f3n o protecci\u00f3n dentro del chasis y los sistemas mec\u00e1nicos. Su construcci\u00f3n robusta garantiza durabilidad y un funcionamiento fiable.<\/p>\n<p data-start=\"3650\" data-end=\"3670\"><strong data-start=\"3650\" data-end=\"3670\">Caracter\u00edsticas:<\/strong><\/p>\n<ul data-start=\"3671\" data-end=\"3929\">\n<li data-start=\"3671\" data-end=\"3734\">\n<p data-start=\"3673\" data-end=\"3734\">Nombre del producto: Placa met\u00e1lica Jungheinrich \u2013 51129986<\/p>\n<\/li>\n<li data-start=\"3735\" data-end=\"3764\">\n<p data-start=\"3737\" data-end=\"3764\">C\u00f3digo de pieza: 51129986<\/p>\n<\/li>\n<li data-start=\"3765\" data-end=\"3804\">\n<p data-start=\"3767\" data-end=\"3804\">Material: Metal de alta resistencia<\/p>\n<\/li>\n<li data-start=\"3805\" data-end=\"3865\">\n<p data-start=\"3807\" data-end=\"3865\">\u00c1rea de uso: Chasis y componentes mec\u00e1nicos Jungheinrich<\/p>\n<\/li>\n<li data-start=\"3866\" data-end=\"3929\">\n<p data-start=\"3868\" data-end=\"3929\">Ventajas: Alta durabilidad, larga vida \u00fatil, ajuste preciso<\/p>\n<\/li>\n<\/ul>\n","protected":false},"featured_media":20410,"template":"","meta":[],"product_brand":[],"product_cat":[470,236,522],"product_tag":[],"class_list":{"0":"post-20408","1":"product","2":"type-product","3":"status-publish","4":"has-post-thumbnail","6":"product_cat-diger-yedek-parcalar","7":"product_cat-jungheinrich","8":"product_cat-yedek-parca-jungheinrich","10":"first","11":"instock","12":"taxable","13":"shipping-taxable","14":"purchasable","15":"product-type-simple"},"_links":{"self":[{"href":"https:\/\/ceoparts.com\/es\/wp-json\/wp\/v2\/product\/20408","targetHints":{"allow":["GET"]}}],"collection":[{"href":"https:\/\/ceoparts.com\/es\/wp-json\/wp\/v2\/product"}],"about":[{"href":"https:\/\/ceoparts.com\/es\/wp-json\/wp\/v2\/types\/product"}],"wp:featuredmedia":[{"embeddable":true,"href":"https:\/\/ceoparts.com\/es\/wp-json\/wp\/v2\/media\/20410"}],"wp:attachment":[{"href":"https:\/\/ceoparts.com\/es\/wp-json\/wp\/v2\/media?parent=20408"}],"wp:term":[{"taxonomy":"product_brand","embeddable":true,"href":"https:\/\/ceoparts.com\/es\/wp-json\/wp\/v2\/product_brand?post=20408"},{"taxonomy":"product_cat","embeddable":true,"href":"https:\/\/ceoparts.com\/es\/wp-json\/wp\/v2\/product_cat?post=20408"},{"taxonomy":"product_tag","embeddable":true,"href":"https:\/\/ceoparts.com\/es\/wp-json\/wp\/v2\/product_tag?post=20408"}],"curies":[{"name":"wp","href":"https:\/\/api.w.org\/{rel}","templated":true}]}}