{"id":20491,"date":"2025-12-31T15:03:36","date_gmt":"2025-12-31T12:03:36","guid":{"rendered":"https:\/\/ceoparts.com\/?post_type=product&#038;p=20491"},"modified":"2026-05-17T22:39:19","modified_gmt":"2026-05-17T19:39:19","slug":"bt-yuruyus-motor-komuru-164206","status":"publish","type":"product","link":"https:\/\/ceoparts.com\/es\/urun\/bt-yuruyus-motor-komuru-164206\/","title":{"rendered":"Escobilla de carb\u00f3n del motor de tracci\u00f3n BT &#8211; 164206"},"content":{"rendered":"<p>Escobilla de carb\u00f3n del motor de tracci\u00f3n BT &#8211; 164206<\/p>","protected":false},"excerpt":{"rendered":"<p data-start=\"3604\" data-end=\"3914\">La <strong data-start=\"3607\" data-end=\"3664\">escobilla de carb\u00f3n del motor de tracci\u00f3n BT \u2013 164206<\/strong> est\u00e1 dise\u00f1ada para garantizar una transmisi\u00f3n el\u00e9ctrica estable y continua en los motores de tracci\u00f3n de las carretillas elevadoras BT. Su estructura de carb\u00f3n resistente al desgaste ayuda a mantener el rendimiento del motor y prolonga su vida \u00fatil.<\/p>\n<p data-start=\"3916\" data-end=\"3936\"><strong data-start=\"3916\" data-end=\"3936\">Caracter\u00edsticas:<\/strong><\/p>\n<ul data-start=\"3937\" data-end=\"4228\">\n<li data-start=\"3937\" data-end=\"4011\">\n<p data-start=\"3939\" data-end=\"4011\">Nombre del producto: Escobilla de carb\u00f3n motor de tracci\u00f3n BT \u2013 164206<\/p>\n<\/li>\n<li data-start=\"4012\" data-end=\"4039\">\n<p data-start=\"4014\" data-end=\"4039\">C\u00f3digo de pieza: 164206<\/p>\n<\/li>\n<li data-start=\"4040\" data-end=\"4082\">\n<p data-start=\"4042\" data-end=\"4082\">Material: Carb\u00f3n de alta conductividad<\/p>\n<\/li>\n<li data-start=\"4083\" data-end=\"4148\">\n<p data-start=\"4085\" data-end=\"4148\">\u00c1rea de uso: Motores de tracci\u00f3n de carretillas elevadoras BT<\/p>\n<\/li>\n<li data-start=\"4149\" data-end=\"4228\">\n<p data-start=\"4151\" data-end=\"4228\">Ventajas: Contacto el\u00e9ctrico estable, larga vida \u00fatil, instalaci\u00f3n sencilla<\/p>\n<\/li>\n<\/ul>\n","protected":false},"featured_media":20493,"template":"","meta":[],"product_brand":[],"product_cat":[470,251,518],"product_tag":[],"class_list":{"0":"post-20491","1":"product","2":"type-product","3":"status-publish","4":"has-post-thumbnail","6":"product_cat-diger-yedek-parcalar","7":"product_cat-bt","8":"product_cat-yedek-parca-bt","10":"first","11":"instock","12":"taxable","13":"shipping-taxable","14":"purchasable","15":"product-type-simple"},"_links":{"self":[{"href":"https:\/\/ceoparts.com\/es\/wp-json\/wp\/v2\/product\/20491","targetHints":{"allow":["GET"]}}],"collection":[{"href":"https:\/\/ceoparts.com\/es\/wp-json\/wp\/v2\/product"}],"about":[{"href":"https:\/\/ceoparts.com\/es\/wp-json\/wp\/v2\/types\/product"}],"wp:featuredmedia":[{"embeddable":true,"href":"https:\/\/ceoparts.com\/es\/wp-json\/wp\/v2\/media\/20493"}],"wp:attachment":[{"href":"https:\/\/ceoparts.com\/es\/wp-json\/wp\/v2\/media?parent=20491"}],"wp:term":[{"taxonomy":"product_brand","embeddable":true,"href":"https:\/\/ceoparts.com\/es\/wp-json\/wp\/v2\/product_brand?post=20491"},{"taxonomy":"product_cat","embeddable":true,"href":"https:\/\/ceoparts.com\/es\/wp-json\/wp\/v2\/product_cat?post=20491"},{"taxonomy":"product_tag","embeddable":true,"href":"https:\/\/ceoparts.com\/es\/wp-json\/wp\/v2\/product_tag?post=20491"}],"curies":[{"name":"wp","href":"https:\/\/api.w.org\/{rel}","templated":true}]}}