{"id":21080,"date":"2026-03-02T14:31:34","date_gmt":"2026-03-02T11:31:34","guid":{"rendered":"https:\/\/ceoparts.com\/?post_type=product&#038;p=21080"},"modified":"2026-04-17T16:24:16","modified_gmt":"2026-04-17T13:24:16","slug":"80v-otomatik-aku-dolum-seti","status":"publish","type":"product","link":"https:\/\/ceoparts.com\/es\/urun\/80v-otomatik-aku-dolum-seti\/","title":{"rendered":"Kit De Llenado Autom\u00e1tico De Bater\u00eda 80V"},"content":{"rendered":"<p>Kit De Llenado Autom\u00e1tico De Bater\u00eda 80V<\/p>\n<p>Kit De Llenado Autom\u00e1tico De Bater\u00eda 80V<\/p>\n<p>Kit De Llenado Autom\u00e1tico De Bater\u00eda 80V<\/p>\n<p>Kit De Llenado Autom\u00e1tico De Bater\u00eda 80V<\/p>\n<p><\/p>","protected":false},"excerpt":{"rendered":"<p>Tap\u00f3n De Celda De Bater\u00eda &#8211; 40 Pcs<br data-start=\"2228\" data-end=\"2231\" \/>Anillo De Compresi\u00f3n Nw10 &#8211; 17 Pcs<br data-start=\"2269\" data-end=\"2272\" \/>Anillo De Compresi\u00f3n Nw6 &#8211; 80 Pcs<br data-start=\"2309\" data-end=\"2312\" \/>Abrazadera De Manguera Nw10 &#8211; 5 Pcs<br data-start=\"2351\" data-end=\"2354\" \/>Conectores T &#8211; 6 Pcs<br data-start=\"2378\" data-end=\"2381\" \/>Conectores L &#8211; 2 Pcs<br data-start=\"2405\" data-end=\"2408\" \/>Tap\u00f3n De Cierre &#8211; 8 Pcs<br data-start=\"2435\" data-end=\"2438\" \/>Cartucho De Filtro<br data-start=\"2460\" data-end=\"2463\" \/>Indicador De Flujo De Bater\u00eda<br data-start=\"2496\" data-end=\"2499\" \/>Conexi\u00f3n R\u00e1pida &#8211; Macho \/ Hembra<\/p>\n","protected":false},"featured_media":21091,"template":"","meta":[],"product_brand":[],"product_cat":[443,442],"product_tag":[],"class_list":{"0":"post-21080","1":"product","2":"type-product","3":"status-publish","4":"has-post-thumbnail","6":"product_cat-aku-parcalari","7":"product_cat-aku-yedek-parcalari","9":"first","10":"instock","11":"taxable","12":"shipping-taxable","13":"purchasable","14":"product-type-simple"},"_links":{"self":[{"href":"https:\/\/ceoparts.com\/es\/wp-json\/wp\/v2\/product\/21080","targetHints":{"allow":["GET"]}}],"collection":[{"href":"https:\/\/ceoparts.com\/es\/wp-json\/wp\/v2\/product"}],"about":[{"href":"https:\/\/ceoparts.com\/es\/wp-json\/wp\/v2\/types\/product"}],"wp:featuredmedia":[{"embeddable":true,"href":"https:\/\/ceoparts.com\/es\/wp-json\/wp\/v2\/media\/21091"}],"wp:attachment":[{"href":"https:\/\/ceoparts.com\/es\/wp-json\/wp\/v2\/media?parent=21080"}],"wp:term":[{"taxonomy":"product_brand","embeddable":true,"href":"https:\/\/ceoparts.com\/es\/wp-json\/wp\/v2\/product_brand?post=21080"},{"taxonomy":"product_cat","embeddable":true,"href":"https:\/\/ceoparts.com\/es\/wp-json\/wp\/v2\/product_cat?post=21080"},{"taxonomy":"product_tag","embeddable":true,"href":"https:\/\/ceoparts.com\/es\/wp-json\/wp\/v2\/product_tag?post=21080"}],"curies":[{"name":"wp","href":"https:\/\/api.w.org\/{rel}","templated":true}]}}