{"id":21093,"date":"2026-03-02T14:45:02","date_gmt":"2026-03-02T11:45:02","guid":{"rendered":"https:\/\/ceoparts.com\/?post_type=product&#038;p=21093"},"modified":"2026-04-17T17:54:45","modified_gmt":"2026-04-17T14:54:45","slug":"48v-otomatik-aku-dolum-seti","status":"publish","type":"product","link":"https:\/\/ceoparts.com\/es\/urun\/48v-otomatik-aku-dolum-seti\/","title":{"rendered":"Kit De Llenado Autom\u00e1tico De Bater\u00eda 48V"},"content":{"rendered":"<p>Kit De Llenado Autom\u00e1tico De Bater\u00eda 48V<\/p>\n<p>Kit De Llenado Autom\u00e1tico De Bater\u00eda 48V<\/p>\n<p><\/p>","protected":false},"excerpt":{"rendered":"<p>Tap\u00f3n De Celda De Bater\u00eda &#8211; 24 Pcs<br data-start=\"2113\" data-end=\"2116\" \/>Anillo De Compresi\u00f3n Nw10 &#8211; 1 Pc<br data-start=\"2152\" data-end=\"2155\" \/>Anillo De Compresi\u00f3n Nw6 &#8211; 48 Pcs<br data-start=\"2192\" data-end=\"2195\" \/>Tap\u00f3n De Cierre &#8211; 2 Pcs<br data-start=\"2222\" data-end=\"2225\" \/>Abrazadera De Manguera Nw10 &#8211; 5 Pcs<br data-start=\"2264\" data-end=\"2267\" \/>Conectores T<br data-start=\"2283\" data-end=\"2286\" \/>Conectores L<br data-start=\"2302\" data-end=\"2305\" \/>Cartucho De Filtro<br data-start=\"2327\" data-end=\"2330\" \/>Indicador De Flujo De Bater\u00eda<br data-start=\"2363\" data-end=\"2366\" \/>Conexi\u00f3n R\u00e1pida &#8211; Macho \/ Hembra<\/p>\n","protected":false},"featured_media":21094,"template":"","meta":[],"product_brand":[],"product_cat":[443,442],"product_tag":[],"class_list":{"0":"post-21093","1":"product","2":"type-product","3":"status-publish","4":"has-post-thumbnail","6":"product_cat-aku-parcalari","7":"product_cat-aku-yedek-parcalari","9":"first","10":"instock","11":"taxable","12":"shipping-taxable","13":"purchasable","14":"product-type-simple"},"_links":{"self":[{"href":"https:\/\/ceoparts.com\/es\/wp-json\/wp\/v2\/product\/21093","targetHints":{"allow":["GET"]}}],"collection":[{"href":"https:\/\/ceoparts.com\/es\/wp-json\/wp\/v2\/product"}],"about":[{"href":"https:\/\/ceoparts.com\/es\/wp-json\/wp\/v2\/types\/product"}],"wp:featuredmedia":[{"embeddable":true,"href":"https:\/\/ceoparts.com\/es\/wp-json\/wp\/v2\/media\/21094"}],"wp:attachment":[{"href":"https:\/\/ceoparts.com\/es\/wp-json\/wp\/v2\/media?parent=21093"}],"wp:term":[{"taxonomy":"product_brand","embeddable":true,"href":"https:\/\/ceoparts.com\/es\/wp-json\/wp\/v2\/product_brand?post=21093"},{"taxonomy":"product_cat","embeddable":true,"href":"https:\/\/ceoparts.com\/es\/wp-json\/wp\/v2\/product_cat?post=21093"},{"taxonomy":"product_tag","embeddable":true,"href":"https:\/\/ceoparts.com\/es\/wp-json\/wp\/v2\/product_tag?post=21093"}],"curies":[{"name":"wp","href":"https:\/\/api.w.org\/{rel}","templated":true}]}}