{"id":21095,"date":"2026-03-02T15:12:14","date_gmt":"2026-03-02T12:12:14","guid":{"rendered":"https:\/\/ceoparts.com\/?post_type=product&#038;p=21095"},"modified":"2026-05-02T20:34:14","modified_gmt":"2026-05-02T17:34:14","slug":"24v-otomatik-aku-dolum-seti","status":"publish","type":"product","link":"https:\/\/ceoparts.com\/es\/urun\/24v-otomatik-aku-dolum-seti\/","title":{"rendered":"Kit De Llenado Autom\u00e1tico De Bater\u00eda 24V"},"content":{"rendered":"<p>Kit De Llenado Autom\u00e1tico De Bater\u00eda 24V<\/p>\n<p>Kit De Llenado Autom\u00e1tico De Bater\u00eda 24V<\/p>\n<p><\/p>","protected":false},"excerpt":{"rendered":"<p>Tap\u00f3n De Celda De Bater\u00eda &#8211; 12 Pcs<br data-start=\"2092\" data-end=\"2095\" \/>Anillo De Compresi\u00f3n Nw10 &#8211; 1 Pc<br data-start=\"2131\" data-end=\"2134\" \/>Anillo De Compresi\u00f3n Nw6 &#8211; 24 Pcs<br data-start=\"2171\" data-end=\"2174\" \/>Tap\u00f3n De Cierre &#8211; 2 Pcs<br data-start=\"2201\" data-end=\"2204\" \/>Abrazadera De Manguera Nw10 &#8211; 5 Pcs<br data-start=\"2243\" data-end=\"2246\" \/>Conectores T<br data-start=\"2262\" data-end=\"2265\" \/>Conectores L<br data-start=\"2281\" data-end=\"2284\" \/>Cartucho De Filtro<br data-start=\"2306\" data-end=\"2309\" \/>Indicador De Flujo De Bater\u00eda<br data-start=\"2342\" data-end=\"2345\" \/>Conexi\u00f3n R\u00e1pida &#8211; Macho \/ Hembra<\/p>\n","protected":false},"featured_media":21097,"template":"","meta":[],"product_brand":[],"product_cat":[443,442],"product_tag":[],"class_list":{"0":"post-21095","1":"product","2":"type-product","3":"status-publish","4":"has-post-thumbnail","6":"product_cat-aku-parcalari","7":"product_cat-aku-yedek-parcalari","9":"first","10":"instock","11":"taxable","12":"shipping-taxable","13":"purchasable","14":"product-type-simple"},"_links":{"self":[{"href":"https:\/\/ceoparts.com\/es\/wp-json\/wp\/v2\/product\/21095","targetHints":{"allow":["GET"]}}],"collection":[{"href":"https:\/\/ceoparts.com\/es\/wp-json\/wp\/v2\/product"}],"about":[{"href":"https:\/\/ceoparts.com\/es\/wp-json\/wp\/v2\/types\/product"}],"wp:featuredmedia":[{"embeddable":true,"href":"https:\/\/ceoparts.com\/es\/wp-json\/wp\/v2\/media\/21097"}],"wp:attachment":[{"href":"https:\/\/ceoparts.com\/es\/wp-json\/wp\/v2\/media?parent=21095"}],"wp:term":[{"taxonomy":"product_brand","embeddable":true,"href":"https:\/\/ceoparts.com\/es\/wp-json\/wp\/v2\/product_brand?post=21095"},{"taxonomy":"product_cat","embeddable":true,"href":"https:\/\/ceoparts.com\/es\/wp-json\/wp\/v2\/product_cat?post=21095"},{"taxonomy":"product_tag","embeddable":true,"href":"https:\/\/ceoparts.com\/es\/wp-json\/wp\/v2\/product_tag?post=21095"}],"curies":[{"name":"wp","href":"https:\/\/api.w.org\/{rel}","templated":true}]}}