{"id":21103,"date":"2026-03-02T16:23:21","date_gmt":"2026-03-02T13:23:21","guid":{"rendered":"https:\/\/ceoparts.com\/?post_type=product&#038;p=21103"},"modified":"2026-05-02T19:26:07","modified_gmt":"2026-05-02T16:26:07","slug":"valfli-disi-hizli-baglanti-jaki-kaplin-6mm","status":"publish","type":"product","link":"https:\/\/ceoparts.com\/es\/urun\/valfli-disi-hizli-baglanti-jaki-kaplin-6mm\/","title":{"rendered":"Conector R\u00e1pido Hembra Con V\u00e1lvula &#8211; 6 mm"},"content":{"rendered":"<p>Conector R\u00e1pido Hembra Con V\u00e1lvula &#8211; 6 mm<\/p>","protected":false},"excerpt":{"rendered":"<p data-start=\"2763\" data-end=\"2980\">El conector hembra est\u00e1 dise\u00f1ado para ser compatible con los sistemas de llenado de agua Aquamatik y los sistemas de llenado de bater\u00edas Aquamatic. Se utiliza normalmente en el lado de conexi\u00f3n del dep\u00f3sito de agua.<\/p>\n<p data-start=\"2982\" data-end=\"3069\">Adecuado para conexiones de manguera de agua de 6 mm o 10 mm.<br data-start=\"3043\" data-end=\"3046\" \/>Fabricado por Fr\u00f6tek.<\/p>\n<p data-start=\"3071\" data-end=\"3202\">Se recomienda verificar la compatibilidad con su equipo antes de realizar el pedido. Se puede proporcionar soporte si es necesario.<\/p>\n","protected":false},"featured_media":21102,"template":"","meta":[],"product_brand":[],"product_cat":[443,442],"product_tag":[],"class_list":{"0":"post-21103","1":"product","2":"type-product","3":"status-publish","4":"has-post-thumbnail","6":"product_cat-aku-parcalari","7":"product_cat-aku-yedek-parcalari","9":"first","10":"instock","11":"taxable","12":"shipping-taxable","13":"purchasable","14":"product-type-simple"},"_links":{"self":[{"href":"https:\/\/ceoparts.com\/es\/wp-json\/wp\/v2\/product\/21103","targetHints":{"allow":["GET"]}}],"collection":[{"href":"https:\/\/ceoparts.com\/es\/wp-json\/wp\/v2\/product"}],"about":[{"href":"https:\/\/ceoparts.com\/es\/wp-json\/wp\/v2\/types\/product"}],"wp:featuredmedia":[{"embeddable":true,"href":"https:\/\/ceoparts.com\/es\/wp-json\/wp\/v2\/media\/21102"}],"wp:attachment":[{"href":"https:\/\/ceoparts.com\/es\/wp-json\/wp\/v2\/media?parent=21103"}],"wp:term":[{"taxonomy":"product_brand","embeddable":true,"href":"https:\/\/ceoparts.com\/es\/wp-json\/wp\/v2\/product_brand?post=21103"},{"taxonomy":"product_cat","embeddable":true,"href":"https:\/\/ceoparts.com\/es\/wp-json\/wp\/v2\/product_cat?post=21103"},{"taxonomy":"product_tag","embeddable":true,"href":"https:\/\/ceoparts.com\/es\/wp-json\/wp\/v2\/product_tag?post=21103"}],"curies":[{"name":"wp","href":"https:\/\/api.w.org\/{rel}","templated":true}]}}