{"id":21109,"date":"2026-03-14T10:50:22","date_gmt":"2026-03-14T07:50:22","guid":{"rendered":"https:\/\/ceoparts.com\/?post_type=product&#038;p=21109"},"modified":"2026-05-02T19:04:45","modified_gmt":"2026-05-02T16:04:45","slug":"230x70-76-45-5b-ceoparts-yuruyus-tekeri-239003","status":"publish","type":"product","link":"https:\/\/ceoparts.com\/es\/urun\/230x70-76-45-5b-ceoparts-yuruyus-tekeri-239003\/","title":{"rendered":"230&#215;70\/76-45 5B-CeopartsRueda a pie &#8211; 239003"},"content":{"rendered":"<p>230&#215;70\/76-45 5B-CeopartsRueda a pie &#8211; 239003<\/p>","protected":false},"excerpt":{"rendered":"<p data-start=\"121\" data-end=\"1100\"><br data-start=\"5949\" data-end=\"5952\" \/>La Rueda Motriz 230\u00d770\/76-45 5B-\u00d813\/\u00d824 es una rueda de alto rendimiento dise\u00f1ada para carretillas elevadoras y transpaletas industriales. Con un di\u00e1metro de 230 mm, un ancho de 70\/76 mm y alojamiento de \u00d813\/\u00d824 mm, garantiza gran estabilidad, funcionamiento silencioso y resistencia al desgaste incluso en operaciones intensivas de carga. Su recubrimiento de poliuretano cuida el suelo, no deja marcas en superficies de hormig\u00f3n o epoxi y previene deslizamientos, aumentando la seguridad. El sistema de anclaje 5B permite una instalaci\u00f3n r\u00e1pida y segura.<br data-start=\"6507\" data-end=\"6510\" \/><strong data-start=\"6510\" data-end=\"6530\">Caracter\u00edsticas:<\/strong><br data-start=\"6530\" data-end=\"6533\" \/><strong data-start=\"6533\" data-end=\"6557\">Nombre del producto:<\/strong> Rueda Motriz 230\u00d770\/76-45 5B-\u00d813\/\u00d824<br data-start=\"6594\" data-end=\"6597\" \/><strong data-start=\"6597\" data-end=\"6610\">Material:<\/strong> Recubrimiento de poliuretano de alta resistencia, n\u00facleo met\u00e1lico<br data-start=\"6676\" data-end=\"6679\" \/><strong data-start=\"6679\" data-end=\"6702\">\u00c1rea de aplicaci\u00f3n:<\/strong> Carretillas elevadoras, transpaletas y sistemas de transporte de cargas<br data-start=\"6774\" data-end=\"6777\" \/><strong data-start=\"6777\" data-end=\"6789\">Ventaja:<\/strong> Resistencia al desgaste y productos qu\u00edmicos, funcionamiento silencioso y estable, larga duraci\u00f3n, no marca el suelo<\/p>\n","protected":false},"featured_media":21113,"template":"","meta":[],"product_brand":[],"product_cat":[395,397,193],"product_tag":[],"class_list":{"0":"post-21109","1":"product","2":"type-product","3":"status-publish","4":"has-post-thumbnail","6":"product_cat-ceoparts","7":"product_cat-yuruyus-tekeri-ceo","8":"product_cat-yuruyus-tekeri","10":"first","11":"instock","12":"taxable","13":"shipping-taxable","14":"purchasable","15":"product-type-simple"},"_links":{"self":[{"href":"https:\/\/ceoparts.com\/es\/wp-json\/wp\/v2\/product\/21109","targetHints":{"allow":["GET"]}}],"collection":[{"href":"https:\/\/ceoparts.com\/es\/wp-json\/wp\/v2\/product"}],"about":[{"href":"https:\/\/ceoparts.com\/es\/wp-json\/wp\/v2\/types\/product"}],"wp:featuredmedia":[{"embeddable":true,"href":"https:\/\/ceoparts.com\/es\/wp-json\/wp\/v2\/media\/21113"}],"wp:attachment":[{"href":"https:\/\/ceoparts.com\/es\/wp-json\/wp\/v2\/media?parent=21109"}],"wp:term":[{"taxonomy":"product_brand","embeddable":true,"href":"https:\/\/ceoparts.com\/es\/wp-json\/wp\/v2\/product_brand?post=21109"},{"taxonomy":"product_cat","embeddable":true,"href":"https:\/\/ceoparts.com\/es\/wp-json\/wp\/v2\/product_cat?post=21109"},{"taxonomy":"product_tag","embeddable":true,"href":"https:\/\/ceoparts.com\/es\/wp-json\/wp\/v2\/product_tag?post=21109"}],"curies":[{"name":"wp","href":"https:\/\/api.w.org\/{rel}","templated":true}]}}