{"id":21133,"date":"2026-03-31T17:47:14","date_gmt":"2026-03-31T14:47:14","guid":{"rendered":"https:\/\/ceoparts.com\/?post_type=product&#038;p=21133"},"modified":"2026-05-16T06:16:46","modified_gmt":"2026-05-16T03:16:46","slug":"cat-gobek-rulmani-nsp12n2","status":"publish","type":"product","link":"https:\/\/ceoparts.com\/es\/urun\/cat-gobek-rulmani-nsp12n2\/","title":{"rendered":"Cat Nsp12n2 Rodamiento De Cubo"},"content":{"rendered":"<p>Cat Nsp12n2 Rodamiento De Cubo<\/p>\n<p>Cat Nsp12n2 Rodamiento De Cubo<\/p>\n<p><\/p>","protected":false},"excerpt":{"rendered":"<p>El <strong data-start=\"3408\" data-end=\"3438\">rodamiento de cubo NSP12N2<\/strong>, utilizado en carretillas elevadoras CAT y equipos de manipulaci\u00f3n industrial, garantiza una rotaci\u00f3n suave y estable del sistema de ruedas. Permite un funcionamiento seguro bajo carga y contribuye al rendimiento eficiente de los componentes mec\u00e1nicos de la m\u00e1quina. Su construcci\u00f3n resistente ofrece una larga vida \u00fatil en operaciones log\u00edsticas exigentes. Se recomienda verificar la compatibilidad del n\u00famero de pieza con el modelo de su m\u00e1quina antes de realizar el pedido.<\/p>\n","protected":false},"featured_media":21139,"template":"","meta":[],"product_brand":[],"product_cat":[459],"product_tag":[],"class_list":{"0":"post-21133","1":"product","2":"type-product","3":"status-publish","4":"has-post-thumbnail","6":"product_cat-gobek-rulmanlar","8":"first","9":"instock","10":"taxable","11":"shipping-taxable","12":"purchasable","13":"product-type-simple"},"_links":{"self":[{"href":"https:\/\/ceoparts.com\/es\/wp-json\/wp\/v2\/product\/21133","targetHints":{"allow":["GET"]}}],"collection":[{"href":"https:\/\/ceoparts.com\/es\/wp-json\/wp\/v2\/product"}],"about":[{"href":"https:\/\/ceoparts.com\/es\/wp-json\/wp\/v2\/types\/product"}],"wp:featuredmedia":[{"embeddable":true,"href":"https:\/\/ceoparts.com\/es\/wp-json\/wp\/v2\/media\/21139"}],"wp:attachment":[{"href":"https:\/\/ceoparts.com\/es\/wp-json\/wp\/v2\/media?parent=21133"}],"wp:term":[{"taxonomy":"product_brand","embeddable":true,"href":"https:\/\/ceoparts.com\/es\/wp-json\/wp\/v2\/product_brand?post=21133"},{"taxonomy":"product_cat","embeddable":true,"href":"https:\/\/ceoparts.com\/es\/wp-json\/wp\/v2\/product_cat?post=21133"},{"taxonomy":"product_tag","embeddable":true,"href":"https:\/\/ceoparts.com\/es\/wp-json\/wp\/v2\/product_tag?post=21133"}],"curies":[{"name":"wp","href":"https:\/\/api.w.org\/{rel}","templated":true}]}}