{"id":21150,"date":"2026-04-01T13:27:03","date_gmt":"2026-04-01T10:27:03","guid":{"rendered":"https:\/\/ceoparts.com\/?post_type=product&#038;p=21150"},"modified":"2026-05-16T20:05:25","modified_gmt":"2026-05-16T17:05:25","slug":"jungheinrich-ekran-51977726","status":"publish","type":"product","link":"https:\/\/ceoparts.com\/es\/urun\/jungheinrich-ekran-51977726\/","title":{"rendered":"Jungheinrich Pantalla &#8211; 51977726"},"content":{"rendered":"<p>Jungheinrich Pantalla &#8211; 51977726<\/p>\n<p>Jungheinrich Pantalla &#8211; 51977726<\/p>\n<p><\/p>","protected":false},"excerpt":{"rendered":"<p>La <strong data-start=\"3228\" data-end=\"3262\">pantalla Jungheinrich 51977726<\/strong> es un panel de visualizaci\u00f3n y control utilizado en carretillas elevadoras y equipos de almac\u00e9n Jungheinrich. Muestra informaci\u00f3n operativa importante como el estado de la m\u00e1quina, advertencias y mensajes del sistema para el operador. Su visualizaci\u00f3n clara y funcionamiento fiable ayudan a garantizar un uso seguro y eficiente de la m\u00e1quina. Se recomienda verificar la compatibilidad del n\u00famero de pieza con el modelo de su m\u00e1quina antes de realizar el pedido.<\/p>\n","protected":false},"featured_media":21152,"template":"","meta":[],"product_brand":[],"product_cat":[431,522],"product_tag":[],"class_list":{"0":"post-21150","1":"product","2":"type-product","3":"status-publish","4":"has-post-thumbnail","6":"product_cat-ekranlar-ve-kartlar","7":"product_cat-yedek-parca-jungheinrich","9":"first","10":"instock","11":"taxable","12":"shipping-taxable","13":"purchasable","14":"product-type-simple"},"_links":{"self":[{"href":"https:\/\/ceoparts.com\/es\/wp-json\/wp\/v2\/product\/21150","targetHints":{"allow":["GET"]}}],"collection":[{"href":"https:\/\/ceoparts.com\/es\/wp-json\/wp\/v2\/product"}],"about":[{"href":"https:\/\/ceoparts.com\/es\/wp-json\/wp\/v2\/types\/product"}],"wp:featuredmedia":[{"embeddable":true,"href":"https:\/\/ceoparts.com\/es\/wp-json\/wp\/v2\/media\/21152"}],"wp:attachment":[{"href":"https:\/\/ceoparts.com\/es\/wp-json\/wp\/v2\/media?parent=21150"}],"wp:term":[{"taxonomy":"product_brand","embeddable":true,"href":"https:\/\/ceoparts.com\/es\/wp-json\/wp\/v2\/product_brand?post=21150"},{"taxonomy":"product_cat","embeddable":true,"href":"https:\/\/ceoparts.com\/es\/wp-json\/wp\/v2\/product_cat?post=21150"},{"taxonomy":"product_tag","embeddable":true,"href":"https:\/\/ceoparts.com\/es\/wp-json\/wp\/v2\/product_tag?post=21150"}],"curies":[{"name":"wp","href":"https:\/\/api.w.org\/{rel}","templated":true}]}}