{"id":21163,"date":"2026-04-01T16:07:33","date_gmt":"2026-04-01T13:07:33","guid":{"rendered":"https:\/\/ceoparts.com\/?post_type=product&#038;p=21163"},"modified":"2026-05-16T21:19:26","modified_gmt":"2026-05-16T18:19:26","slug":"linde-devir-sensoru-7917415847","status":"publish","type":"product","link":"https:\/\/ceoparts.com\/es\/urun\/linde-devir-sensoru-7917415847\/","title":{"rendered":"Linde Sensor De Velocidad &#8211; 7917415847"},"content":{"rendered":"<p>Linde Sensor De Velocidad &#8211; 7917415847<\/p>","protected":false},"excerpt":{"rendered":"<p data-start=\"4017\" data-end=\"4474\">El <strong data-start=\"4020\" data-end=\"4060\">sensor de velocidad Linde 7917415847<\/strong> es un componente electr\u00f3nico utilizado en el sistema de control y tracci\u00f3n de carretillas elevadoras. Detecta la velocidad de rotaci\u00f3n o desplazamiento y env\u00eda la se\u00f1al a la unidad de control, permitiendo un control preciso de la velocidad y un funcionamiento estable del equipo. Su dise\u00f1o resistente garantiza un rendimiento fiable en entornos industriales y log\u00edsticos.<\/p>\n<p data-start=\"4476\" data-end=\"4601\"><strong data-start=\"4476\" data-end=\"4500\">Modelos compatibles:<\/strong><br data-start=\"4500\" data-end=\"4503\" \/>Linde 7917415847<br data-start=\"4519\" data-end=\"4522\" \/>E16C \/ E20P<br data-start=\"4533\" data-end=\"4536\" \/>series 1275 \/ 387 \/ 388<\/p>\n","protected":false},"featured_media":21166,"template":"","meta":[],"product_brand":[],"product_cat":[469,523],"product_tag":[],"class_list":{"0":"post-21163","1":"product","2":"type-product","3":"status-publish","4":"has-post-thumbnail","6":"product_cat-elektrik-ve-sistem-parcalari","7":"product_cat-yedek-parca-linde","9":"first","10":"instock","11":"taxable","12":"shipping-taxable","13":"purchasable","14":"product-type-simple"},"_links":{"self":[{"href":"https:\/\/ceoparts.com\/es\/wp-json\/wp\/v2\/product\/21163","targetHints":{"allow":["GET"]}}],"collection":[{"href":"https:\/\/ceoparts.com\/es\/wp-json\/wp\/v2\/product"}],"about":[{"href":"https:\/\/ceoparts.com\/es\/wp-json\/wp\/v2\/types\/product"}],"wp:featuredmedia":[{"embeddable":true,"href":"https:\/\/ceoparts.com\/es\/wp-json\/wp\/v2\/media\/21166"}],"wp:attachment":[{"href":"https:\/\/ceoparts.com\/es\/wp-json\/wp\/v2\/media?parent=21163"}],"wp:term":[{"taxonomy":"product_brand","embeddable":true,"href":"https:\/\/ceoparts.com\/es\/wp-json\/wp\/v2\/product_brand?post=21163"},{"taxonomy":"product_cat","embeddable":true,"href":"https:\/\/ceoparts.com\/es\/wp-json\/wp\/v2\/product_cat?post=21163"},{"taxonomy":"product_tag","embeddable":true,"href":"https:\/\/ceoparts.com\/es\/wp-json\/wp\/v2\/product_tag?post=21163"}],"curies":[{"name":"wp","href":"https:\/\/api.w.org\/{rel}","templated":true}]}}