{"id":21167,"date":"2026-04-01T17:06:18","date_gmt":"2026-04-01T14:06:18","guid":{"rendered":"https:\/\/ceoparts.com\/?post_type=product&#038;p=21167"},"modified":"2026-05-16T22:19:20","modified_gmt":"2026-05-16T19:19:20","slug":"300x100-40-vulkoprin-vulkollan-yuk-tekeri-144443","status":"publish","type":"product","link":"https:\/\/ceoparts.com\/es\/urun\/300x100-40-vulkoprin-vulkollan-yuk-tekeri-144443\/","title":{"rendered":"300&#215;100-40 Vulkoprin Vulkollan Rueda De Carga"},"content":{"rendered":"<p>300&#215;100-40 Vulkoprin Vulkollan Rueda De Carga<\/p>","protected":false},"excerpt":{"rendered":"<p data-start=\"5487\" data-end=\"5770\">La <strong data-start=\"5490\" data-end=\"5539\">rueda de carga Vulkoprin Vulkollan 300\u00d7100-40<\/strong> est\u00e1 dise\u00f1ada para carretillas elevadoras y equipos de manipulaci\u00f3n industrial. El recubrimiento Vulkollan ofrece alta resistencia al desgaste y absorci\u00f3n de vibraciones, proporcionando un rendimiento fiable y una larga vida \u00fatil.<\/p>\n<p data-start=\"5772\" data-end=\"6062\"><strong data-start=\"5772\" data-end=\"5791\">Caracter\u00edsticas<\/strong><br data-start=\"5791\" data-end=\"5794\" \/>Nombre del producto: Rueda de carga Vulkoprin Vulkollan 300\u00d7100-40<br data-start=\"5860\" data-end=\"5863\" \/>C\u00f3digo de pieza: 144443<br data-start=\"5886\" data-end=\"5889\" \/>Material: recubrimiento Vulkoprin Vulkollan, n\u00facleo de acero<br data-start=\"5949\" data-end=\"5952\" \/>Aplicaci\u00f3n: rueda de carga para carretillas elevadoras<br data-start=\"6006\" data-end=\"6009\" \/>Ventaja: alta resistencia al desgaste y durabilidad<\/p>\n<p data-start=\"6064\" data-end=\"6222\" data-is-last-node=\"\" data-is-only-node=\"\"><strong data-start=\"6064\" data-end=\"6088\">Modelos compatibles:<\/strong><br data-start=\"6088\" data-end=\"6091\" \/>BT 137587 \/ 144443 \u2013 300\u00d7100 sin freno<br data-start=\"6129\" data-end=\"6132\" \/>BT RR Reflex<br data-start=\"6144\" data-end=\"6147\" \/>BT FR 2.0<br data-start=\"6156\" data-end=\"6159\" \/>BT TRT 1000 E<br data-start=\"6172\" data-end=\"6175\" \/>BT Toyota 137587 \/ 144443 \u2013 Stellana PT-NDI-92\u00ae<\/p>\n","protected":false},"featured_media":21172,"template":"","meta":[],"product_brand":[],"product_cat":[428,194],"product_tag":[],"class_list":{"0":"post-21167","1":"product","2":"type-product","3":"status-publish","4":"has-post-thumbnail","6":"product_cat-yuk-tekeri-vulkoprin","7":"product_cat-yuk-tekeri","9":"first","10":"instock","11":"taxable","12":"shipping-taxable","13":"purchasable","14":"product-type-simple"},"_links":{"self":[{"href":"https:\/\/ceoparts.com\/es\/wp-json\/wp\/v2\/product\/21167","targetHints":{"allow":["GET"]}}],"collection":[{"href":"https:\/\/ceoparts.com\/es\/wp-json\/wp\/v2\/product"}],"about":[{"href":"https:\/\/ceoparts.com\/es\/wp-json\/wp\/v2\/types\/product"}],"wp:featuredmedia":[{"embeddable":true,"href":"https:\/\/ceoparts.com\/es\/wp-json\/wp\/v2\/media\/21172"}],"wp:attachment":[{"href":"https:\/\/ceoparts.com\/es\/wp-json\/wp\/v2\/media?parent=21167"}],"wp:term":[{"taxonomy":"product_brand","embeddable":true,"href":"https:\/\/ceoparts.com\/es\/wp-json\/wp\/v2\/product_brand?post=21167"},{"taxonomy":"product_cat","embeddable":true,"href":"https:\/\/ceoparts.com\/es\/wp-json\/wp\/v2\/product_cat?post=21167"},{"taxonomy":"product_tag","embeddable":true,"href":"https:\/\/ceoparts.com\/es\/wp-json\/wp\/v2\/product_tag?post=21167"}],"curies":[{"name":"wp","href":"https:\/\/api.w.org\/{rel}","templated":true}]}}