{"id":21204,"date":"2026-04-03T11:51:47","date_gmt":"2026-04-03T08:51:47","guid":{"rendered":"https:\/\/ceoparts.com\/?post_type=product&#038;p=21204"},"modified":"2026-04-04T04:56:31","modified_gmt":"2026-04-04T01:56:31","slug":"linde-hortum-sokme-aparati-11803336-0009418025","status":"publish","type":"product","link":"https:\/\/ceoparts.com\/es\/urun\/linde-hortum-sokme-aparati-11803336-0009418025\/","title":{"rendered":"Linde Herramienta Para Quitar Manguera &#8211; 11803336, 0009418025"},"content":{"rendered":"<p>Linde Herramienta Para Quitar Manguera &#8211; 11803336, 0009418025<\/p>","protected":false},"excerpt":{"rendered":"<p>La <strong data-start=\"3358\" data-end=\"3426\">herramienta para desmontar mangueras Linde 11803336 \/ 0009418025<\/strong> es una herramienta de servicio utilizada para retirar de forma segura las mangueras hidr\u00e1ulicas en carretillas elevadoras y equipos de manipulaci\u00f3n. Facilita las operaciones de mantenimiento al permitir desconectar las mangueras sin da\u00f1ar los componentes cercanos.<\/p>\n","protected":false},"featured_media":21206,"template":"","meta":[],"product_brand":[],"product_cat":[523,470],"product_tag":[],"class_list":{"0":"post-21204","1":"product","2":"type-product","3":"status-publish","4":"has-post-thumbnail","6":"product_cat-yedek-parca-linde","7":"product_cat-diger-yedek-parcalar","9":"first","10":"instock","11":"taxable","12":"shipping-taxable","13":"purchasable","14":"product-type-simple"},"_links":{"self":[{"href":"https:\/\/ceoparts.com\/es\/wp-json\/wp\/v2\/product\/21204","targetHints":{"allow":["GET"]}}],"collection":[{"href":"https:\/\/ceoparts.com\/es\/wp-json\/wp\/v2\/product"}],"about":[{"href":"https:\/\/ceoparts.com\/es\/wp-json\/wp\/v2\/types\/product"}],"wp:featuredmedia":[{"embeddable":true,"href":"https:\/\/ceoparts.com\/es\/wp-json\/wp\/v2\/media\/21206"}],"wp:attachment":[{"href":"https:\/\/ceoparts.com\/es\/wp-json\/wp\/v2\/media?parent=21204"}],"wp:term":[{"taxonomy":"product_brand","embeddable":true,"href":"https:\/\/ceoparts.com\/es\/wp-json\/wp\/v2\/product_brand?post=21204"},{"taxonomy":"product_cat","embeddable":true,"href":"https:\/\/ceoparts.com\/es\/wp-json\/wp\/v2\/product_cat?post=21204"},{"taxonomy":"product_tag","embeddable":true,"href":"https:\/\/ceoparts.com\/es\/wp-json\/wp\/v2\/product_tag?post=21204"}],"curies":[{"name":"wp","href":"https:\/\/api.w.org\/{rel}","templated":true}]}}