{"id":21220,"date":"2026-04-03T13:57:48","date_gmt":"2026-04-03T10:57:48","guid":{"rendered":"https:\/\/ceoparts.com\/?post_type=product&#038;p=21220"},"modified":"2026-04-04T09:59:22","modified_gmt":"2026-04-04T06:59:22","slug":"jungheinrich-eje-ejd-on-kapak-50466670","status":"publish","type":"product","link":"https:\/\/ceoparts.com\/es\/urun\/jungheinrich-eje-ejd-on-kapak-50466670\/","title":{"rendered":"Jungheinrich EJE\/EJD Cubierta Frontal &#8211; 50466670"},"content":{"rendered":"<p>Jungheinrich EJE\/EJD Cubierta Frontal &#8211; 50466670<\/p>","protected":false},"excerpt":{"rendered":"<p>La <strong data-start=\"3069\" data-end=\"3111\">cubierta frontal Jungheinrich 50466670<\/strong> es una pieza de protecci\u00f3n utilizada en transpaletas el\u00e9ctricas y apiladores Jungheinrich de las series EJE y EJD. Protege los componentes mec\u00e1nicos frontales contra polvo, golpes y factores externos, asegurando un funcionamiento seguro y eficiente.<\/p>\n","protected":false},"featured_media":21226,"template":"","meta":[],"product_brand":[],"product_cat":[522,472],"product_tag":[],"class_list":{"0":"post-21220","1":"product","2":"type-product","3":"status-publish","4":"has-post-thumbnail","6":"product_cat-yedek-parca-jungheinrich","7":"product_cat-kaporta-aksami","9":"first","10":"instock","11":"taxable","12":"shipping-taxable","13":"purchasable","14":"product-type-simple"},"_links":{"self":[{"href":"https:\/\/ceoparts.com\/es\/wp-json\/wp\/v2\/product\/21220","targetHints":{"allow":["GET"]}}],"collection":[{"href":"https:\/\/ceoparts.com\/es\/wp-json\/wp\/v2\/product"}],"about":[{"href":"https:\/\/ceoparts.com\/es\/wp-json\/wp\/v2\/types\/product"}],"wp:featuredmedia":[{"embeddable":true,"href":"https:\/\/ceoparts.com\/es\/wp-json\/wp\/v2\/media\/21226"}],"wp:attachment":[{"href":"https:\/\/ceoparts.com\/es\/wp-json\/wp\/v2\/media?parent=21220"}],"wp:term":[{"taxonomy":"product_brand","embeddable":true,"href":"https:\/\/ceoparts.com\/es\/wp-json\/wp\/v2\/product_brand?post=21220"},{"taxonomy":"product_cat","embeddable":true,"href":"https:\/\/ceoparts.com\/es\/wp-json\/wp\/v2\/product_cat?post=21220"},{"taxonomy":"product_tag","embeddable":true,"href":"https:\/\/ceoparts.com\/es\/wp-json\/wp\/v2\/product_tag?post=21220"}],"curies":[{"name":"wp","href":"https:\/\/api.w.org\/{rel}","templated":true}]}}