{"id":21227,"date":"2026-04-03T14:19:17","date_gmt":"2026-04-03T11:19:17","guid":{"rendered":"https:\/\/ceoparts.com\/?post_type=product&#038;p=21227"},"modified":"2026-04-04T09:04:38","modified_gmt":"2026-04-04T06:04:38","slug":"linde-sol-tutamak-0039310811","status":"publish","type":"product","link":"https:\/\/ceoparts.com\/es\/urun\/linde-sol-tutamak-0039310811\/","title":{"rendered":"Linde Manija Izquierda &#8211; 0039310811"},"content":{"rendered":"<p>Linde Manija Izquierda &#8211; 0039310811<\/p>","protected":false},"excerpt":{"rendered":"<p data-start=\"3696\" data-end=\"3888\">La <strong data-start=\"3699\" data-end=\"3736\">manija izquierda Linde 0039310811<\/strong> ayuda al operador a subir y bajar de la m\u00e1quina de forma segura. Su dise\u00f1o ergon\u00f3mico proporciona un agarre firme y mejora la seguridad durante el uso.<\/p>\n<p data-start=\"3890\" data-end=\"3935\"><strong data-start=\"3890\" data-end=\"3914\">Modelos compatibles:<\/strong><br data-start=\"3914\" data-end=\"3917\" \/>Linde 0039310811<\/p>\n<p data-start=\"3937\" data-end=\"4125\">1151 \u2013 T16 \/ T16P \/ T20 \/ T20P<br data-start=\"3967\" data-end=\"3970\" \/>1152 \u2013 T16 \/ T18 \/ T20 \/ T16L<br data-start=\"3999\" data-end=\"4002\" \/>1160 \u2013 D06 \/ D08<br data-start=\"4018\" data-end=\"4021\" \/>1169 \u2013 L10 \/ L12 \/ L14C<br data-start=\"4044\" data-end=\"4047\" \/>1169 \u2013 L10P \/ L12P \/ L14P<br data-start=\"4072\" data-end=\"4075\" \/>1172 \u2013 L10 \/ L12 \/ L12i<br data-start=\"4098\" data-end=\"4101\" \/>1173 \u2013 L14 \/ L16 \/ L20<\/p>\n","protected":false},"featured_media":21230,"template":"","meta":[],"product_brand":[],"product_cat":[523,470],"product_tag":[],"class_list":{"0":"post-21227","1":"product","2":"type-product","3":"status-publish","4":"has-post-thumbnail","6":"product_cat-yedek-parca-linde","7":"product_cat-diger-yedek-parcalar","9":"first","10":"instock","11":"taxable","12":"shipping-taxable","13":"purchasable","14":"product-type-simple"},"_links":{"self":[{"href":"https:\/\/ceoparts.com\/es\/wp-json\/wp\/v2\/product\/21227","targetHints":{"allow":["GET"]}}],"collection":[{"href":"https:\/\/ceoparts.com\/es\/wp-json\/wp\/v2\/product"}],"about":[{"href":"https:\/\/ceoparts.com\/es\/wp-json\/wp\/v2\/types\/product"}],"wp:featuredmedia":[{"embeddable":true,"href":"https:\/\/ceoparts.com\/es\/wp-json\/wp\/v2\/media\/21230"}],"wp:attachment":[{"href":"https:\/\/ceoparts.com\/es\/wp-json\/wp\/v2\/media?parent=21227"}],"wp:term":[{"taxonomy":"product_brand","embeddable":true,"href":"https:\/\/ceoparts.com\/es\/wp-json\/wp\/v2\/product_brand?post=21227"},{"taxonomy":"product_cat","embeddable":true,"href":"https:\/\/ceoparts.com\/es\/wp-json\/wp\/v2\/product_cat?post=21227"},{"taxonomy":"product_tag","embeddable":true,"href":"https:\/\/ceoparts.com\/es\/wp-json\/wp\/v2\/product_tag?post=21227"}],"curies":[{"name":"wp","href":"https:\/\/api.w.org\/{rel}","templated":true}]}}