{"id":21246,"date":"2026-04-03T15:10:47","date_gmt":"2026-04-03T12:10:47","guid":{"rendered":"https:\/\/ceoparts.com\/?post_type=product&#038;p=21246"},"modified":"2026-04-04T05:00:01","modified_gmt":"2026-04-04T02:00:01","slug":"jungheinrich-elektrikli-kontak-anahtari-s1126584","status":"publish","type":"product","link":"https:\/\/ceoparts.com\/es\/urun\/jungheinrich-elektrikli-kontak-anahtari-s1126584\/","title":{"rendered":"Jungheinrich Interruptor De Encendido El\u00e9ctrico &#8211; S1126584"},"content":{"rendered":"<p>Jungheinrich Interruptor De Encendido El\u00e9ctrico &#8211; S1126584<\/p>","protected":false},"excerpt":{"rendered":"<p>El <strong data-start=\"2608\" data-end=\"2668\">interruptor de encendido el\u00e9ctrico Jungheinrich S1126584<\/strong> es un componente de control utilizado en carretillas elevadoras y equipos de almac\u00e9n. Permite activar o desactivar el sistema el\u00e9ctrico de la m\u00e1quina, facilitando un arranque seguro y evitando el uso no autorizado.<\/p>\n","protected":false},"featured_media":21247,"template":"","meta":[],"product_brand":[],"product_cat":[522,469],"product_tag":[],"class_list":{"0":"post-21246","1":"product","2":"type-product","3":"status-publish","4":"has-post-thumbnail","6":"product_cat-yedek-parca-jungheinrich","7":"product_cat-elektrik-ve-sistem-parcalari","9":"first","10":"instock","11":"taxable","12":"shipping-taxable","13":"purchasable","14":"product-type-simple"},"_links":{"self":[{"href":"https:\/\/ceoparts.com\/es\/wp-json\/wp\/v2\/product\/21246","targetHints":{"allow":["GET"]}}],"collection":[{"href":"https:\/\/ceoparts.com\/es\/wp-json\/wp\/v2\/product"}],"about":[{"href":"https:\/\/ceoparts.com\/es\/wp-json\/wp\/v2\/types\/product"}],"wp:featuredmedia":[{"embeddable":true,"href":"https:\/\/ceoparts.com\/es\/wp-json\/wp\/v2\/media\/21247"}],"wp:attachment":[{"href":"https:\/\/ceoparts.com\/es\/wp-json\/wp\/v2\/media?parent=21246"}],"wp:term":[{"taxonomy":"product_brand","embeddable":true,"href":"https:\/\/ceoparts.com\/es\/wp-json\/wp\/v2\/product_brand?post=21246"},{"taxonomy":"product_cat","embeddable":true,"href":"https:\/\/ceoparts.com\/es\/wp-json\/wp\/v2\/product_cat?post=21246"},{"taxonomy":"product_tag","embeddable":true,"href":"https:\/\/ceoparts.com\/es\/wp-json\/wp\/v2\/product_tag?post=21246"}],"curies":[{"name":"wp","href":"https:\/\/api.w.org\/{rel}","templated":true}]}}