{"id":21256,"date":"2026-04-03T15:42:09","date_gmt":"2026-04-03T12:42:09","guid":{"rendered":"https:\/\/ceoparts.com\/?post_type=product&#038;p=21256"},"modified":"2026-04-04T06:25:25","modified_gmt":"2026-04-04T03:25:25","slug":"linde-t16-kol-iskeleti-3095471916","status":"publish","type":"product","link":"https:\/\/ceoparts.com\/es\/urun\/linde-t16-kol-iskeleti-3095471916\/","title":{"rendered":"Linde T16 Estructura De La Manija &#8211; 3095471916"},"content":{"rendered":"<p>Linde T16 Estructura De La Manija &#8211; 3095471916<\/p>","protected":false},"excerpt":{"rendered":"<p data-start=\"3018\" data-end=\"3306\">La <strong data-start=\"3021\" data-end=\"3061\">estructura de tim\u00f3n Linde 3095471916<\/strong> es el componente estructural principal del tim\u00f3n utilizado en las transpaletas el\u00e9ctricas Linde de la serie T16. Proporciona estabilidad al sistema de control y permite manejar de forma segura las funciones de conducci\u00f3n, direcci\u00f3n y elevaci\u00f3n.<\/p>\n<p data-start=\"3308\" data-end=\"3355\"><strong data-start=\"3308\" data-end=\"3332\">Modelos compatibles:<\/strong><br data-start=\"3332\" data-end=\"3335\" \/>Linde <strong data-start=\"3341\" data-end=\"3355\">3095471916<\/strong><\/p>\n<p data-start=\"3357\" data-end=\"3389\" data-is-last-node=\"\" data-is-only-node=\"\">1152 \u2013 <strong data-start=\"3364\" data-end=\"3389\" data-is-last-node=\"\">T16 \/ T18 \/ T20 \/ T25<\/strong><\/p>\n","protected":false},"featured_media":21257,"template":"","meta":[],"product_brand":[],"product_cat":[523,450],"product_tag":[],"class_list":{"0":"post-21256","1":"product","2":"type-product","3":"status-publish","4":"has-post-thumbnail","6":"product_cat-yedek-parca-linde","7":"product_cat-direksiyon-sistemleri","9":"first","10":"instock","11":"taxable","12":"shipping-taxable","13":"purchasable","14":"product-type-simple"},"_links":{"self":[{"href":"https:\/\/ceoparts.com\/es\/wp-json\/wp\/v2\/product\/21256","targetHints":{"allow":["GET"]}}],"collection":[{"href":"https:\/\/ceoparts.com\/es\/wp-json\/wp\/v2\/product"}],"about":[{"href":"https:\/\/ceoparts.com\/es\/wp-json\/wp\/v2\/types\/product"}],"wp:featuredmedia":[{"embeddable":true,"href":"https:\/\/ceoparts.com\/es\/wp-json\/wp\/v2\/media\/21257"}],"wp:attachment":[{"href":"https:\/\/ceoparts.com\/es\/wp-json\/wp\/v2\/media?parent=21256"}],"wp:term":[{"taxonomy":"product_brand","embeddable":true,"href":"https:\/\/ceoparts.com\/es\/wp-json\/wp\/v2\/product_brand?post=21256"},{"taxonomy":"product_cat","embeddable":true,"href":"https:\/\/ceoparts.com\/es\/wp-json\/wp\/v2\/product_cat?post=21256"},{"taxonomy":"product_tag","embeddable":true,"href":"https:\/\/ceoparts.com\/es\/wp-json\/wp\/v2\/product_tag?post=21256"}],"curies":[{"name":"wp","href":"https:\/\/api.w.org\/{rel}","templated":true}]}}