{"id":21439,"date":"2026-04-06T17:18:26","date_gmt":"2026-04-06T14:18:26","guid":{"rendered":"https:\/\/ceoparts.com\/?post_type=product&#038;p=21439"},"modified":"2026-04-08T17:06:21","modified_gmt":"2026-04-08T14:06:21","slug":"250-75-12-27x10-12-continental-siyah-dolgu-lastik","status":"publish","type":"product","link":"https:\/\/ceoparts.com\/es\/urun\/250-75-12-27x10-12-continental-siyah-dolgu-lastik\/","title":{"rendered":"250\/75-12 (27\u00d710-12) Neum\u00e1tico Macizo Negro Para Montacargas Continental"},"content":{"rendered":"<p>250\/75-12 (27\u00d710-12) Neum\u00e1tico Macizo Negro Para Montacargas Continental<\/p>\n<p>250\/75-12 (27\u00d710-12) Neum\u00e1tico Macizo Negro Para Montacargas Continental<\/p>\n<p><\/p>","protected":false},"excerpt":{"rendered":"<p data-start=\"5015\" data-end=\"5442\"><strong data-start=\"5015\" data-end=\"5048\">Neum\u00e1ticos macizos no-marking<\/strong><br data-start=\"5048\" data-end=\"5051\" \/>Los neum\u00e1ticos macizos no-marking para montacargas se utilizan especialmente en entornos interiores como la industria alimentaria, farmac\u00e9utica y centros log\u00edsticos donde la limpieza del suelo es fundamental. Su compuesto especial sin carbono negro evita dejar marcas en el suelo y mantiene las superficies limpias. Ofrecen conducci\u00f3n estable, baja vibraci\u00f3n y manipulaci\u00f3n segura de cargas.<\/p>\n<p data-start=\"5444\" data-end=\"5827\"><strong data-start=\"5444\" data-end=\"5473\">Neum\u00e1ticos macizos negros<\/strong><br data-start=\"5473\" data-end=\"5476\" \/>Los neum\u00e1ticos macizos negros contienen carbono negro, lo que proporciona alta resistencia al desgaste, larga vida \u00fatil y un rendimiento s\u00f3lido bajo cargas pesadas. Sin embargo, debido a este componente pueden dejar marcas negras en el suelo. Gracias a su durabilidad y eficiencia de costo se utilizan ampliamente en almacenes y entornos industriales.<\/p>\n<p data-start=\"5829\" data-end=\"5853\" data-is-last-node=\"\" data-is-only-node=\"\"><strong data-start=\"5829\" data-end=\"5853\" data-is-last-node=\"\">\u2193 Seleccione color \u2193<\/strong><\/p>\n","protected":false},"featured_media":21432,"template":"","meta":[],"product_brand":[],"product_cat":[516,536],"product_tag":[],"class_list":{"0":"post-21439","1":"product","2":"type-product","3":"status-publish","4":"has-post-thumbnail","6":"product_cat-dolgu-lastikler","7":"product_cat-siyah-dolgu-lstikler","9":"first","10":"instock","11":"taxable","12":"shipping-taxable","13":"purchasable","14":"product-type-variable"},"_links":{"self":[{"href":"https:\/\/ceoparts.com\/es\/wp-json\/wp\/v2\/product\/21439","targetHints":{"allow":["GET"]}}],"collection":[{"href":"https:\/\/ceoparts.com\/es\/wp-json\/wp\/v2\/product"}],"about":[{"href":"https:\/\/ceoparts.com\/es\/wp-json\/wp\/v2\/types\/product"}],"wp:featuredmedia":[{"embeddable":true,"href":"https:\/\/ceoparts.com\/es\/wp-json\/wp\/v2\/media\/21432"}],"wp:attachment":[{"href":"https:\/\/ceoparts.com\/es\/wp-json\/wp\/v2\/media?parent=21439"}],"wp:term":[{"taxonomy":"product_brand","embeddable":true,"href":"https:\/\/ceoparts.com\/es\/wp-json\/wp\/v2\/product_brand?post=21439"},{"taxonomy":"product_cat","embeddable":true,"href":"https:\/\/ceoparts.com\/es\/wp-json\/wp\/v2\/product_cat?post=21439"},{"taxonomy":"product_tag","embeddable":true,"href":"https:\/\/ceoparts.com\/es\/wp-json\/wp\/v2\/product_tag?post=21439"}],"curies":[{"name":"wp","href":"https:\/\/api.w.org\/{rel}","templated":true}]}}