{"id":21474,"date":"2026-04-07T13:11:58","date_gmt":"2026-04-07T10:11:58","guid":{"rendered":"https:\/\/ceoparts.com\/?post_type=product&#038;p=21474"},"modified":"2026-04-08T17:05:16","modified_gmt":"2026-04-08T14:05:16","slug":"140-55-9-nexen-siyah-dolgu-lastik","status":"publish","type":"product","link":"https:\/\/ceoparts.com\/es\/urun\/140-55-9-nexen-siyah-dolgu-lastik\/","title":{"rendered":"140\/55-9 Neum\u00e1tico Macizo Negro Nexen"},"content":{"rendered":"<p>140\/55-9 Neum\u00e1tico Macizo Negro Nexen<\/p>","protected":false},"excerpt":{"rendered":"<p data-start=\"4543\" data-end=\"4946\">Los <strong data-start=\"4547\" data-end=\"4575\">neum\u00e1ticos macizos Nexen<\/strong> son neum\u00e1ticos de alta calidad dise\u00f1ados para montacargas y equipos de manipulaci\u00f3n de materiales. Su compuesto especial de caucho y su banda de rodadura reforzada ofrecen alto rendimiento bajo cargas pesadas, larga vida \u00fatil y bajo desgaste. El dise\u00f1o mejorado de la banda de rodadura proporciona resistencia a vibraciones e impactos y garantiza una conducci\u00f3n estable.<\/p>\n<p data-start=\"4948\" data-end=\"4979\"><strong data-start=\"4948\" data-end=\"4979\">Caracter\u00edsticas principales<\/strong><\/p>\n<ul data-start=\"4980\" data-end=\"5199\">\n<li data-section-id=\"1ku11jm\" data-start=\"4980\" data-end=\"5032\">Banda de rodadura reforzada para mayor vida \u00fatil<\/li>\n<li data-section-id=\"1iuyu4h\" data-start=\"5033\" data-end=\"5065\">Alta resistencia al desgaste<\/li>\n<li data-section-id=\"jg6evl\" data-start=\"5066\" data-end=\"5105\">Resistente a vibraciones e impactos<\/li>\n<li data-section-id=\"1d3kygq\" data-start=\"5106\" data-end=\"5146\">Distribuci\u00f3n equilibrada de la carga<\/li>\n<li data-section-id=\"a313ob\" data-start=\"5147\" data-end=\"5199\">Ideal para montacargas y equipos de manipulaci\u00f3n<\/li>\n<\/ul>\n","protected":false},"featured_media":21471,"template":"","meta":[],"product_brand":[],"product_cat":[516,536],"product_tag":[],"class_list":{"0":"post-21474","1":"product","2":"type-product","3":"status-publish","4":"has-post-thumbnail","6":"product_cat-dolgu-lastikler","7":"product_cat-siyah-dolgu-lstikler","9":"first","10":"instock","11":"taxable","12":"shipping-taxable","13":"purchasable","14":"product-type-variable"},"_links":{"self":[{"href":"https:\/\/ceoparts.com\/es\/wp-json\/wp\/v2\/product\/21474","targetHints":{"allow":["GET"]}}],"collection":[{"href":"https:\/\/ceoparts.com\/es\/wp-json\/wp\/v2\/product"}],"about":[{"href":"https:\/\/ceoparts.com\/es\/wp-json\/wp\/v2\/types\/product"}],"wp:featuredmedia":[{"embeddable":true,"href":"https:\/\/ceoparts.com\/es\/wp-json\/wp\/v2\/media\/21471"}],"wp:attachment":[{"href":"https:\/\/ceoparts.com\/es\/wp-json\/wp\/v2\/media?parent=21474"}],"wp:term":[{"taxonomy":"product_brand","embeddable":true,"href":"https:\/\/ceoparts.com\/es\/wp-json\/wp\/v2\/product_brand?post=21474"},{"taxonomy":"product_cat","embeddable":true,"href":"https:\/\/ceoparts.com\/es\/wp-json\/wp\/v2\/product_cat?post=21474"},{"taxonomy":"product_tag","embeddable":true,"href":"https:\/\/ceoparts.com\/es\/wp-json\/wp\/v2\/product_tag?post=21474"}],"curies":[{"name":"wp","href":"https:\/\/api.w.org\/{rel}","templated":true}]}}