{"id":21653,"date":"2026-04-16T13:44:40","date_gmt":"2026-04-16T10:44:40","guid":{"rendered":"https:\/\/ceoparts.com\/?post_type=product&#038;p=21653"},"modified":"2026-04-22T22:04:17","modified_gmt":"2026-04-22T19:04:17","slug":"140-55-9-nutorque-siyah-forklift-dolgu-lastigi","status":"publish","type":"product","link":"https:\/\/ceoparts.com\/es\/urun\/140-55-9-nutorque-siyah-forklift-dolgu-lastigi\/","title":{"rendered":"140\/55-9 Nutorque Neum\u00e1tico Macizo Negro Para Montacargas"},"content":{"rendered":"<p>140\/55-9 Nutorque Neum\u00e1tico Macizo Negro Para Montacargas<\/p>","protected":false},"excerpt":{"rendered":"<div class=\"flex flex-col text-sm pb-25\">\n<section class=\"text-token-text-primary w-full focus:outline-none [--shadow-height:45px] has-data-writing-block:pointer-events-none has-data-writing-block:-mt-(--shadow-height) has-data-writing-block:pt-(--shadow-height) [&amp;:has([data-writing-block])&gt;*]:pointer-events-auto [content-visibility:auto] supports-[content-visibility:auto]:[contain-intrinsic-size:auto_100lvh] scroll-mt-[calc(var(--header-height)+min(200px,max(70px,20svh)))]\" dir=\"auto\" data-turn-id=\"4f77776f-ae8a-4d6f-8062-715d71e51602\" data-testid=\"conversation-turn-84\" data-scroll-anchor=\"true\" data-turn=\"assistant\">\n<div class=\"text-base my-auto mx-auto pb-10 [--thread-content-margin:var(--thread-content-margin-xs,calc(var(--spacing)*4))] @w-sm\/main:[--thread-content-margin:var(--thread-content-margin-sm,calc(var(--spacing)*6))] @w-lg\/main:[--thread-content-margin:var(--thread-content-margin-lg,calc(var(--spacing)*16))] px-(--thread-content-margin)\">\n<div class=\"[--thread-content-max-width:40rem] @w-lg\/main:[--thread-content-max-width:48rem] mx-auto max-w-(--thread-content-max-width) flex-1 group\/turn-messages focus-visible:outline-hidden relative flex w-full min-w-0 flex-col agent-turn\">\n<div class=\"flex max-w-full flex-col gap-4 grow\">\n<div class=\"min-h-8 text-message relative flex w-full flex-col items-end gap-2 text-start break-words whitespace-normal outline-none keyboard-focused:focus-ring [.text-message+&amp;]:mt-1\" dir=\"auto\" tabindex=\"0\" data-message-author-role=\"assistant\" data-message-id=\"4f77776f-ae8a-4d6f-8062-715d71e51602\" data-turn-start-message=\"true\" data-message-model-slug=\"gpt-5-3\">\n<div class=\"flex w-full flex-col gap-1 empty:hidden\">\n<div class=\"markdown prose dark:prose-invert w-full wrap-break-word dark markdown-new-styling\">\n<p data-start=\"5015\" data-end=\"5442\"><strong data-start=\"5015\" data-end=\"5048\">Neum\u00e1ticos macizos no-marking<\/strong><br data-start=\"5048\" data-end=\"5051\" \/>Los neum\u00e1ticos macizos no-marking para montacargas se utilizan especialmente en entornos interiores como la industria alimentaria, farmac\u00e9utica y centros log\u00edsticos donde la limpieza del suelo es fundamental. Su compuesto especial sin carbono negro evita dejar marcas en el suelo y mantiene las superficies limpias. Ofrecen conducci\u00f3n estable, baja vibraci\u00f3n y manipulaci\u00f3n segura de cargas.<\/p>\n<p data-start=\"5444\" data-end=\"5827\"><strong data-start=\"5444\" data-end=\"5473\">Neum\u00e1ticos macizos negros<\/strong><br data-start=\"5473\" data-end=\"5476\" \/>Los neum\u00e1ticos macizos negros contienen carbono negro, lo que proporciona alta resistencia al desgaste, larga vida \u00fatil y un rendimiento s\u00f3lido bajo cargas pesadas. Sin embargo, debido a este componente pueden dejar marcas negras en el suelo. Gracias a su durabilidad y eficiencia de costo se utilizan ampliamente en almacenes y entornos industriales.<\/p>\n<p data-start=\"5829\" data-end=\"5853\" data-is-last-node=\"\" data-is-only-node=\"\"><strong data-start=\"5829\" data-end=\"5853\" data-is-last-node=\"\">\u2193 Seleccione color \u2193<\/strong><\/p>\n<\/div>\n<\/div>\n<\/div>\n<\/div>\n<div class=\"z-0 flex min-h-[46px] justify-start\"><\/div>\n<\/div>\n<\/div>\n<\/section>\n<\/div>\n<div class=\"pointer-events-none h-px w-px absolute bottom-0\" aria-hidden=\"true\" data-edge=\"true\"><\/div>\n","protected":false},"featured_media":21640,"template":"","meta":[],"product_brand":[],"product_cat":[516,536],"product_tag":[],"class_list":{"0":"post-21653","1":"product","2":"type-product","3":"status-publish","4":"has-post-thumbnail","6":"product_cat-dolgu-lastikler","7":"product_cat-siyah-dolgu-lstikler","9":"first","10":"instock","11":"taxable","12":"shipping-taxable","13":"purchasable","14":"product-type-variable"},"_links":{"self":[{"href":"https:\/\/ceoparts.com\/es\/wp-json\/wp\/v2\/product\/21653","targetHints":{"allow":["GET"]}}],"collection":[{"href":"https:\/\/ceoparts.com\/es\/wp-json\/wp\/v2\/product"}],"about":[{"href":"https:\/\/ceoparts.com\/es\/wp-json\/wp\/v2\/types\/product"}],"wp:featuredmedia":[{"embeddable":true,"href":"https:\/\/ceoparts.com\/es\/wp-json\/wp\/v2\/media\/21640"}],"wp:attachment":[{"href":"https:\/\/ceoparts.com\/es\/wp-json\/wp\/v2\/media?parent=21653"}],"wp:term":[{"taxonomy":"product_brand","embeddable":true,"href":"https:\/\/ceoparts.com\/es\/wp-json\/wp\/v2\/product_brand?post=21653"},{"taxonomy":"product_cat","embeddable":true,"href":"https:\/\/ceoparts.com\/es\/wp-json\/wp\/v2\/product_cat?post=21653"},{"taxonomy":"product_tag","embeddable":true,"href":"https:\/\/ceoparts.com\/es\/wp-json\/wp\/v2\/product_tag?post=21653"}],"curies":[{"name":"wp","href":"https:\/\/api.w.org\/{rel}","templated":true}]}}