{"id":21682,"date":"2026-04-18T09:25:10","date_gmt":"2026-04-18T06:25:10","guid":{"rendered":"https:\/\/ceoparts.com\/?post_type=product&#038;p=21682"},"modified":"2026-04-22T23:34:43","modified_gmt":"2026-04-22T20:34:43","slug":"bt-gosterge-7586000","status":"publish","type":"product","link":"https:\/\/ceoparts.com\/es\/urun\/bt-gosterge-7586000\/","title":{"rendered":"BT Pantalla &#8211; 7586000"},"content":{"rendered":"<p>BT Pantalla &#8211; 7586000<\/p>","protected":false},"excerpt":{"rendered":"<p>La <strong data-start=\"2265\" data-end=\"2288\">pantalla BT 7586000<\/strong> es un componente importante de control y visualizaci\u00f3n utilizado en carretillas elevadoras y equipos de almac\u00e9n BT Toyota. Muestra informaci\u00f3n como el estado de la m\u00e1quina, el nivel de bater\u00eda y diferentes advertencias, garantizando un funcionamiento seguro y eficiente.<\/p>\n","protected":false},"featured_media":21685,"template":"","meta":[],"product_brand":[],"product_cat":[431],"product_tag":[],"class_list":{"0":"post-21682","1":"product","2":"type-product","3":"status-publish","4":"has-post-thumbnail","6":"product_cat-ekranlar-ve-kartlar","8":"first","9":"instock","10":"taxable","11":"shipping-taxable","12":"purchasable","13":"product-type-simple"},"_links":{"self":[{"href":"https:\/\/ceoparts.com\/es\/wp-json\/wp\/v2\/product\/21682","targetHints":{"allow":["GET"]}}],"collection":[{"href":"https:\/\/ceoparts.com\/es\/wp-json\/wp\/v2\/product"}],"about":[{"href":"https:\/\/ceoparts.com\/es\/wp-json\/wp\/v2\/types\/product"}],"wp:featuredmedia":[{"embeddable":true,"href":"https:\/\/ceoparts.com\/es\/wp-json\/wp\/v2\/media\/21685"}],"wp:attachment":[{"href":"https:\/\/ceoparts.com\/es\/wp-json\/wp\/v2\/media?parent=21682"}],"wp:term":[{"taxonomy":"product_brand","embeddable":true,"href":"https:\/\/ceoparts.com\/es\/wp-json\/wp\/v2\/product_brand?post=21682"},{"taxonomy":"product_cat","embeddable":true,"href":"https:\/\/ceoparts.com\/es\/wp-json\/wp\/v2\/product_cat?post=21682"},{"taxonomy":"product_tag","embeddable":true,"href":"https:\/\/ceoparts.com\/es\/wp-json\/wp\/v2\/product_tag?post=21682"}],"curies":[{"name":"wp","href":"https:\/\/api.w.org\/{rel}","templated":true}]}}