{"id":21708,"date":"2026-04-20T13:06:48","date_gmt":"2026-04-20T10:06:48","guid":{"rendered":"https:\/\/ceoparts.com\/?post_type=product&#038;p=21708"},"modified":"2026-04-23T08:22:56","modified_gmt":"2026-04-23T05:22:56","slug":"bt-lwe160-gobek-rulmani-7731656","status":"publish","type":"product","link":"https:\/\/ceoparts.com\/es\/urun\/bt-lwe160-gobek-rulmani-7731656\/","title":{"rendered":"BT \/ LWE160 Rodamiento De Cubo &#8211; 7731656"},"content":{"rendered":"<p>BT \/ LWE160 Rodamiento De Cubo &#8211; 7731656<\/p>\n<p>BT \/ LWE160 Rodamiento De Cubo &#8211; 7731656<\/p>\n<p><\/p>","protected":false},"excerpt":{"rendered":"<p data-start=\"2726\" data-end=\"2995\">El <strong data-start=\"2729\" data-end=\"2762\">rodamiento de buje BT 7731656<\/strong> es un componente mec\u00e1nico utilizado en el sistema de ruedas de las transpaletas el\u00e9ctricas BT Toyota LWE160. Permite una rotaci\u00f3n suave de las ruedas con baja fricci\u00f3n, garantizando un movimiento estable y eficiente de la m\u00e1quina.<\/p>\n<p data-start=\"2997\" data-end=\"3076\"><strong data-start=\"2997\" data-end=\"3021\">Modelos compatibles:<\/strong><br data-start=\"3021\" data-end=\"3024\" \/>BT <strong data-start=\"3027\" data-end=\"3038\">7731656<\/strong><br data-start=\"3038\" data-end=\"3041\" \/>BT <strong data-start=\"3044\" data-end=\"3076\">LWE160 transpaleta el\u00e9ctrica<\/strong><\/p>\n","protected":false},"featured_media":21717,"template":"","meta":[],"product_brand":[],"product_cat":[459],"product_tag":[],"class_list":{"0":"post-21708","1":"product","2":"type-product","3":"status-publish","4":"has-post-thumbnail","6":"product_cat-gobek-rulmanlar","8":"first","9":"instock","10":"taxable","11":"shipping-taxable","12":"purchasable","13":"product-type-simple"},"_links":{"self":[{"href":"https:\/\/ceoparts.com\/es\/wp-json\/wp\/v2\/product\/21708","targetHints":{"allow":["GET"]}}],"collection":[{"href":"https:\/\/ceoparts.com\/es\/wp-json\/wp\/v2\/product"}],"about":[{"href":"https:\/\/ceoparts.com\/es\/wp-json\/wp\/v2\/types\/product"}],"wp:featuredmedia":[{"embeddable":true,"href":"https:\/\/ceoparts.com\/es\/wp-json\/wp\/v2\/media\/21717"}],"wp:attachment":[{"href":"https:\/\/ceoparts.com\/es\/wp-json\/wp\/v2\/media?parent=21708"}],"wp:term":[{"taxonomy":"product_brand","embeddable":true,"href":"https:\/\/ceoparts.com\/es\/wp-json\/wp\/v2\/product_brand?post=21708"},{"taxonomy":"product_cat","embeddable":true,"href":"https:\/\/ceoparts.com\/es\/wp-json\/wp\/v2\/product_cat?post=21708"},{"taxonomy":"product_tag","embeddable":true,"href":"https:\/\/ceoparts.com\/es\/wp-json\/wp\/v2\/product_tag?post=21708"}],"curies":[{"name":"wp","href":"https:\/\/api.w.org\/{rel}","templated":true}]}}