{"id":21721,"date":"2026-04-20T13:45:32","date_gmt":"2026-04-20T10:45:32","guid":{"rendered":"https:\/\/ceoparts.com\/?post_type=product&#038;p=21721"},"modified":"2026-04-23T10:01:08","modified_gmt":"2026-04-23T07:01:08","slug":"bt-spe160-gobek-rulmani-disli-7568817","status":"publish","type":"product","link":"https:\/\/ceoparts.com\/es\/urun\/bt-spe160-gobek-rulmani-disli-7568817\/","title":{"rendered":"BT \/ SPE160 Rodamiento De Cubo Con Engranaje &#8211; 7568817"},"content":{"rendered":"<p>BT \/ SPE160 Rodamiento De Cubo Con Engranaje &#8211; 7568817<\/p>","protected":false},"excerpt":{"rendered":"<p data-start=\"2880\" data-end=\"3113\">El <strong data-start=\"2883\" data-end=\"2929\">engranaje de rodamiento de buje BT 7568817<\/strong> es un componente del sistema de transmisi\u00f3n utilizado en las apiladoras BT Toyota SPE160. Permite la rotaci\u00f3n suave de las ruedas y contribuye al funcionamiento estable de la m\u00e1quina.<\/p>\n<p data-start=\"3115\" data-end=\"3158\"><strong data-start=\"3115\" data-end=\"3139\">Modelos compatibles:<\/strong><br data-start=\"3139\" data-end=\"3142\" \/>BT <strong data-start=\"3145\" data-end=\"3156\">7568817<\/strong><\/p>\n<p data-start=\"3160\" data-end=\"3192\">BT <strong data-start=\"3163\" data-end=\"3192\">SPE160 apilador el\u00e9ctrico<\/strong><\/p>\n","protected":false},"featured_media":21722,"template":"","meta":[],"product_brand":[],"product_cat":[459],"product_tag":[],"class_list":{"0":"post-21721","1":"product","2":"type-product","3":"status-publish","4":"has-post-thumbnail","6":"product_cat-gobek-rulmanlar","8":"first","9":"instock","10":"taxable","11":"shipping-taxable","12":"purchasable","13":"product-type-simple"},"_links":{"self":[{"href":"https:\/\/ceoparts.com\/es\/wp-json\/wp\/v2\/product\/21721","targetHints":{"allow":["GET"]}}],"collection":[{"href":"https:\/\/ceoparts.com\/es\/wp-json\/wp\/v2\/product"}],"about":[{"href":"https:\/\/ceoparts.com\/es\/wp-json\/wp\/v2\/types\/product"}],"wp:featuredmedia":[{"embeddable":true,"href":"https:\/\/ceoparts.com\/es\/wp-json\/wp\/v2\/media\/21722"}],"wp:attachment":[{"href":"https:\/\/ceoparts.com\/es\/wp-json\/wp\/v2\/media?parent=21721"}],"wp:term":[{"taxonomy":"product_brand","embeddable":true,"href":"https:\/\/ceoparts.com\/es\/wp-json\/wp\/v2\/product_brand?post=21721"},{"taxonomy":"product_cat","embeddable":true,"href":"https:\/\/ceoparts.com\/es\/wp-json\/wp\/v2\/product_cat?post=21721"},{"taxonomy":"product_tag","embeddable":true,"href":"https:\/\/ceoparts.com\/es\/wp-json\/wp\/v2\/product_tag?post=21721"}],"curies":[{"name":"wp","href":"https:\/\/api.w.org\/{rel}","templated":true}]}}