{"id":21736,"date":"2026-04-20T14:58:56","date_gmt":"2026-04-20T11:58:56","guid":{"rendered":"https:\/\/ceoparts.com\/?post_type=product&#038;p=21736"},"modified":"2026-04-23T14:34:07","modified_gmt":"2026-04-23T11:34:07","slug":"albright-acil-stop-kontaktoru-sd300a-83","status":"publish","type":"product","link":"https:\/\/ceoparts.com\/es\/urun\/albright-acil-stop-kontaktoru-sd300a-83\/","title":{"rendered":"ALBRIGHT Contactor De Parada De Emergencia SD300A-83"},"content":{"rendered":"<p>ALBRIGHT Contactor De Parada De Emergencia SD300A-83<\/p>","protected":false},"excerpt":{"rendered":"<p data-start=\"3185\" data-end=\"3467\">El <strong data-start=\"3188\" data-end=\"3244\">contactor de parada de emergencia Albright SD300A-83<\/strong> se utiliza en los sistemas el\u00e9ctricos de montacargas y veh\u00edculos industriales alimentados por bater\u00eda. Combina un interruptor de desconexi\u00f3n manual con un contactor de l\u00ednea accionado por bobina en una estructura compacta.<\/p>\n","protected":false},"featured_media":21740,"template":"","meta":[],"product_brand":[],"product_cat":[469],"product_tag":[],"class_list":{"0":"post-21736","1":"product","2":"type-product","3":"status-publish","4":"has-post-thumbnail","6":"product_cat-elektrik-ve-sistem-parcalari","8":"first","9":"instock","10":"taxable","11":"shipping-taxable","12":"purchasable","13":"product-type-simple"},"_links":{"self":[{"href":"https:\/\/ceoparts.com\/es\/wp-json\/wp\/v2\/product\/21736","targetHints":{"allow":["GET"]}}],"collection":[{"href":"https:\/\/ceoparts.com\/es\/wp-json\/wp\/v2\/product"}],"about":[{"href":"https:\/\/ceoparts.com\/es\/wp-json\/wp\/v2\/types\/product"}],"wp:featuredmedia":[{"embeddable":true,"href":"https:\/\/ceoparts.com\/es\/wp-json\/wp\/v2\/media\/21740"}],"wp:attachment":[{"href":"https:\/\/ceoparts.com\/es\/wp-json\/wp\/v2\/media?parent=21736"}],"wp:term":[{"taxonomy":"product_brand","embeddable":true,"href":"https:\/\/ceoparts.com\/es\/wp-json\/wp\/v2\/product_brand?post=21736"},{"taxonomy":"product_cat","embeddable":true,"href":"https:\/\/ceoparts.com\/es\/wp-json\/wp\/v2\/product_cat?post=21736"},{"taxonomy":"product_tag","embeddable":true,"href":"https:\/\/ceoparts.com\/es\/wp-json\/wp\/v2\/product_tag?post=21736"}],"curies":[{"name":"wp","href":"https:\/\/api.w.org\/{rel}","templated":true}]}}