{"id":21747,"date":"2026-04-20T15:42:43","date_gmt":"2026-04-20T12:42:43","guid":{"rendered":"https:\/\/ceoparts.com\/?post_type=product&#038;p=21747"},"modified":"2026-04-23T15:47:53","modified_gmt":"2026-04-23T12:47:53","slug":"jungheinrich-takoz-51161690","status":"publish","type":"product","link":"https:\/\/ceoparts.com\/es\/urun\/jungheinrich-takoz-51161690\/","title":{"rendered":"Jungheinrich Bloque De Soporte &#8211; 51161690"},"content":{"rendered":"<p>Jungheinrich Bloque De Soporte &#8211; 51161690<\/p>","protected":false},"excerpt":{"rendered":"<p data-start=\"5576\" data-end=\"6220\">El <strong data-start=\"5579\" data-end=\"5609\">tope Jungheinrich 51161690<\/strong> es un componente de soporte del chasis o elemento mec\u00e1nico utilizado en montacargas y apiladores para la absorci\u00f3n de vibraciones y golpes mec\u00e1nicos. Gracias a su estructura de goma o elast\u00f3mero, absorbe las vibraciones e impactos generados durante el funcionamiento y ayuda a que la m\u00e1quina opere de forma m\u00e1s estable. Este componente protege las piezas mec\u00e1nicas relacionadas, prolonga la vida \u00fatil del equipo y reduce el ruido y el desgaste mec\u00e1nico durante la operaci\u00f3n. Las piezas de repuesto originales Jungheinrich est\u00e1n dise\u00f1adas especialmente para mantener el rendimiento y la seguridad de la m\u00e1quina.<\/p>\n<p data-start=\"6222\" data-end=\"6544\"><strong data-start=\"6222\" data-end=\"6243\">Especificaciones:<\/strong><br data-start=\"6243\" data-end=\"6246\" \/>Nombre del producto: Tope Jungheinrich<br data-start=\"6284\" data-end=\"6287\" \/>C\u00f3digo de pieza: 51161690<br data-start=\"6312\" data-end=\"6315\" \/>Material: Goma \/ estructura elastom\u00e9rica amortiguadora<br data-start=\"6369\" data-end=\"6372\" \/>Aplicaci\u00f3n: Absorci\u00f3n de vibraciones y golpes en montacargas y apiladores<br data-start=\"6445\" data-end=\"6448\" \/>Ventaja: Reducci\u00f3n de vibraciones, protecci\u00f3n mec\u00e1nica, funcionamiento estable y larga vida \u00fatil<\/p>\n","protected":false},"featured_media":21749,"template":"","meta":[],"product_brand":[],"product_cat":[470],"product_tag":[],"class_list":{"0":"post-21747","1":"product","2":"type-product","3":"status-publish","4":"has-post-thumbnail","6":"product_cat-diger-yedek-parcalar","8":"first","9":"instock","10":"taxable","11":"shipping-taxable","12":"purchasable","13":"product-type-simple"},"_links":{"self":[{"href":"https:\/\/ceoparts.com\/es\/wp-json\/wp\/v2\/product\/21747","targetHints":{"allow":["GET"]}}],"collection":[{"href":"https:\/\/ceoparts.com\/es\/wp-json\/wp\/v2\/product"}],"about":[{"href":"https:\/\/ceoparts.com\/es\/wp-json\/wp\/v2\/types\/product"}],"wp:featuredmedia":[{"embeddable":true,"href":"https:\/\/ceoparts.com\/es\/wp-json\/wp\/v2\/media\/21749"}],"wp:attachment":[{"href":"https:\/\/ceoparts.com\/es\/wp-json\/wp\/v2\/media?parent=21747"}],"wp:term":[{"taxonomy":"product_brand","embeddable":true,"href":"https:\/\/ceoparts.com\/es\/wp-json\/wp\/v2\/product_brand?post=21747"},{"taxonomy":"product_cat","embeddable":true,"href":"https:\/\/ceoparts.com\/es\/wp-json\/wp\/v2\/product_cat?post=21747"},{"taxonomy":"product_tag","embeddable":true,"href":"https:\/\/ceoparts.com\/es\/wp-json\/wp\/v2\/product_tag?post=21747"}],"curies":[{"name":"wp","href":"https:\/\/api.w.org\/{rel}","templated":true}]}}