{"id":21767,"date":"2026-04-20T16:47:12","date_gmt":"2026-04-20T13:47:12","guid":{"rendered":"https:\/\/ceoparts.com\/?post_type=product&#038;p=21767"},"modified":"2026-04-23T22:15:52","modified_gmt":"2026-04-23T19:15:52","slug":"still-limit-switch-8407278","status":"publish","type":"product","link":"https:\/\/ceoparts.com\/es\/urun\/still-limit-switch-8407278\/","title":{"rendered":"STILL Interruptor De Fin De Carrera &#8211; 8407278"},"content":{"rendered":"<p>STILL Interruptor De Fin De Carrera &#8211; 8407278<\/p>","protected":false},"excerpt":{"rendered":"<p data-start=\"3470\" data-end=\"3660\">El <strong data-start=\"3473\" data-end=\"3512\">interruptor de l\u00edmite STILL 8407278<\/strong> es un componente el\u00e9ctrico utilizado en montacargas y equipos de almac\u00e9n para detectar posiciones l\u00edmite y controlar los movimientos de la m\u00e1quina.<\/p>\n<p data-start=\"3662\" data-end=\"3934\" data-is-last-node=\"\" data-is-only-node=\"\"><strong data-start=\"3662\" data-end=\"3683\">Especificaciones:<\/strong><br data-start=\"3683\" data-end=\"3686\" \/>Nombre del producto: Interruptor de l\u00edmite STILL<br data-start=\"3734\" data-end=\"3737\" \/>C\u00f3digo de pieza: 8407278<br data-start=\"3761\" data-end=\"3764\" \/>Tipo: Interruptor de l\u00edmite \/ sensor de posici\u00f3n<br data-start=\"3812\" data-end=\"3815\" \/>Aplicaci\u00f3n: Control de posici\u00f3n y movimiento en montacargas<br data-start=\"3874\" data-end=\"3877\" \/>Ventaja: Operaci\u00f3n segura y detecci\u00f3n precisa de posici\u00f3n<\/p>\n","protected":false},"featured_media":21769,"template":"","meta":[],"product_brand":[],"product_cat":[454],"product_tag":[],"class_list":{"0":"post-21767","1":"product","2":"type-product","3":"status-publish","4":"has-post-thumbnail","6":"product_cat-switch-ve-buton","8":"first","9":"instock","10":"taxable","11":"shipping-taxable","12":"purchasable","13":"product-type-simple"},"_links":{"self":[{"href":"https:\/\/ceoparts.com\/es\/wp-json\/wp\/v2\/product\/21767","targetHints":{"allow":["GET"]}}],"collection":[{"href":"https:\/\/ceoparts.com\/es\/wp-json\/wp\/v2\/product"}],"about":[{"href":"https:\/\/ceoparts.com\/es\/wp-json\/wp\/v2\/types\/product"}],"wp:featuredmedia":[{"embeddable":true,"href":"https:\/\/ceoparts.com\/es\/wp-json\/wp\/v2\/media\/21769"}],"wp:attachment":[{"href":"https:\/\/ceoparts.com\/es\/wp-json\/wp\/v2\/media?parent=21767"}],"wp:term":[{"taxonomy":"product_brand","embeddable":true,"href":"https:\/\/ceoparts.com\/es\/wp-json\/wp\/v2\/product_brand?post=21767"},{"taxonomy":"product_cat","embeddable":true,"href":"https:\/\/ceoparts.com\/es\/wp-json\/wp\/v2\/product_cat?post=21767"},{"taxonomy":"product_tag","embeddable":true,"href":"https:\/\/ceoparts.com\/es\/wp-json\/wp\/v2\/product_tag?post=21767"}],"curies":[{"name":"wp","href":"https:\/\/api.w.org\/{rel}","templated":true}]}}