{"id":21824,"date":"2026-04-24T10:19:23","date_gmt":"2026-04-24T07:19:23","guid":{"rendered":"https:\/\/ceoparts.com\/?post_type=product&#038;p=21824"},"modified":"2026-04-26T08:59:45","modified_gmt":"2026-04-26T05:59:45","slug":"hyster-kece-takimi-1467430","status":"publish","type":"product","link":"https:\/\/ceoparts.com\/es\/urun\/hyster-kece-takimi-1467430\/","title":{"rendered":"HYSTER &#8211; Kit De Sellos &#8211; 1467430"},"content":{"rendered":"<p>HYSTER &#8211; Kit De Sellos &#8211; 1467430<\/p>","protected":false},"excerpt":{"rendered":"<p data-start=\"3315\" data-end=\"3502\">El <strong data-start=\"3318\" data-end=\"3351\">kit de fieltro Hyster 1467430<\/strong> es un conjunto de componentes de sellado utilizado en montacargas y equipos industriales para proteger los sistemas mec\u00e1nicos contra polvo y suciedad.<\/p>\n<p data-start=\"3504\" data-end=\"3728\" data-is-last-node=\"\" data-is-only-node=\"\"><strong data-start=\"3504\" data-end=\"3525\">Especificaciones:<\/strong><br data-start=\"3525\" data-end=\"3528\" \/>Nombre del producto: Kit de fieltro Hyster<br data-start=\"3570\" data-end=\"3573\" \/>C\u00f3digo de pieza: 1467430<br data-start=\"3597\" data-end=\"3600\" \/>Material: Fieltro industrial<br data-start=\"3628\" data-end=\"3631\" \/>Aplicaci\u00f3n: Protecci\u00f3n de sistemas mec\u00e1nicos<br data-start=\"3675\" data-end=\"3678\" \/>Ventaja: Protecci\u00f3n contra polvo y mayor vida \u00fatil<\/p>\n","protected":false},"featured_media":21828,"template":"","meta":[],"product_brand":[],"product_cat":[470,520],"product_tag":[],"class_list":{"0":"post-21824","1":"product","2":"type-product","3":"status-publish","4":"has-post-thumbnail","6":"product_cat-diger-yedek-parcalar","7":"product_cat-yedek-parca-hyster","9":"first","10":"instock","11":"taxable","12":"shipping-taxable","13":"purchasable","14":"product-type-simple"},"_links":{"self":[{"href":"https:\/\/ceoparts.com\/es\/wp-json\/wp\/v2\/product\/21824","targetHints":{"allow":["GET"]}}],"collection":[{"href":"https:\/\/ceoparts.com\/es\/wp-json\/wp\/v2\/product"}],"about":[{"href":"https:\/\/ceoparts.com\/es\/wp-json\/wp\/v2\/types\/product"}],"wp:featuredmedia":[{"embeddable":true,"href":"https:\/\/ceoparts.com\/es\/wp-json\/wp\/v2\/media\/21828"}],"wp:attachment":[{"href":"https:\/\/ceoparts.com\/es\/wp-json\/wp\/v2\/media?parent=21824"}],"wp:term":[{"taxonomy":"product_brand","embeddable":true,"href":"https:\/\/ceoparts.com\/es\/wp-json\/wp\/v2\/product_brand?post=21824"},{"taxonomy":"product_cat","embeddable":true,"href":"https:\/\/ceoparts.com\/es\/wp-json\/wp\/v2\/product_cat?post=21824"},{"taxonomy":"product_tag","embeddable":true,"href":"https:\/\/ceoparts.com\/es\/wp-json\/wp\/v2\/product_tag?post=21824"}],"curies":[{"name":"wp","href":"https:\/\/api.w.org\/{rel}","templated":true}]}}