{"id":21844,"date":"2026-04-24T11:45:50","date_gmt":"2026-04-24T08:45:50","guid":{"rendered":"https:\/\/ceoparts.com\/?post_type=product&#038;p=21844"},"modified":"2026-04-26T12:17:03","modified_gmt":"2026-04-26T09:17:03","slug":"6209-sensorlu-rulman-bmb6209","status":"publish","type":"product","link":"https:\/\/ceoparts.com\/es\/urun\/6209-sensorlu-rulman-bmb6209\/","title":{"rendered":"6209 Rodamiento Con Sensor &#8211; BMB6209"},"content":{"rendered":"<p>6209 Rodamiento Con Sensor &#8211; BMB6209<\/p>","protected":false},"excerpt":{"rendered":"<p data-start=\"3373\" data-end=\"3527\">El <strong data-start=\"3376\" data-end=\"3409\">rodamiento con sensor BMB6209<\/strong> se utiliza en montacargas y maquinaria industrial para detectar la rotaci\u00f3n y transmitir datos al sistema de control.<\/p>\n<p data-start=\"3529\" data-end=\"3773\" data-is-last-node=\"\" data-is-only-node=\"\"><strong data-start=\"3529\" data-end=\"3550\">Especificaciones:<\/strong><br data-start=\"3550\" data-end=\"3553\" \/>Nombre del producto: Rodamiento con sensor 6209<br data-start=\"3600\" data-end=\"3603\" \/>C\u00f3digo de pieza: BMB6209<br data-start=\"3627\" data-end=\"3630\" \/>Tipo: Rodamiento con sensor integrado<br data-start=\"3667\" data-end=\"3670\" \/>Aplicaci\u00f3n: Sistemas de detecci\u00f3n de velocidad y rotaci\u00f3n<br data-start=\"3727\" data-end=\"3730\" \/>Ventaja: Medici\u00f3n precisa y larga vida \u00fatil<\/p>\n","protected":false},"featured_media":21847,"template":"","meta":[],"product_brand":[],"product_cat":[469],"product_tag":[],"class_list":{"0":"post-21844","1":"product","2":"type-product","3":"status-publish","4":"has-post-thumbnail","6":"product_cat-elektrik-ve-sistem-parcalari","8":"first","9":"instock","10":"taxable","11":"shipping-taxable","12":"purchasable","13":"product-type-simple"},"_links":{"self":[{"href":"https:\/\/ceoparts.com\/es\/wp-json\/wp\/v2\/product\/21844","targetHints":{"allow":["GET"]}}],"collection":[{"href":"https:\/\/ceoparts.com\/es\/wp-json\/wp\/v2\/product"}],"about":[{"href":"https:\/\/ceoparts.com\/es\/wp-json\/wp\/v2\/types\/product"}],"wp:featuredmedia":[{"embeddable":true,"href":"https:\/\/ceoparts.com\/es\/wp-json\/wp\/v2\/media\/21847"}],"wp:attachment":[{"href":"https:\/\/ceoparts.com\/es\/wp-json\/wp\/v2\/media?parent=21844"}],"wp:term":[{"taxonomy":"product_brand","embeddable":true,"href":"https:\/\/ceoparts.com\/es\/wp-json\/wp\/v2\/product_brand?post=21844"},{"taxonomy":"product_cat","embeddable":true,"href":"https:\/\/ceoparts.com\/es\/wp-json\/wp\/v2\/product_cat?post=21844"},{"taxonomy":"product_tag","embeddable":true,"href":"https:\/\/ceoparts.com\/es\/wp-json\/wp\/v2\/product_tag?post=21844"}],"curies":[{"name":"wp","href":"https:\/\/api.w.org\/{rel}","templated":true}]}}