{"id":21860,"date":"2026-04-25T11:26:16","date_gmt":"2026-04-25T08:26:16","guid":{"rendered":"https:\/\/ceoparts.com\/?post_type=product&#038;p=21860"},"modified":"2026-04-26T17:35:36","modified_gmt":"2026-04-26T14:35:36","slug":"frotek-aku-hucre-baglanti-kablosu-50x1500","status":"publish","type":"product","link":"https:\/\/ceoparts.com\/es\/urun\/frotek-aku-hucre-baglanti-kablosu-50x1500\/","title":{"rendered":"Fr\u00f6tek Cable De Conexi\u00f3n De Celdas De Bater\u00eda 50&#215;1500"},"content":{"rendered":"<p>Fr\u00f6tek Cable De Conexi\u00f3n De Celdas De Bater\u00eda 50&#215;1500<\/p>","protected":false},"excerpt":{"rendered":"<p data-start=\"3678\" data-end=\"3840\">El <strong data-start=\"3681\" data-end=\"3738\">cable de conexi\u00f3n de celdas de bater\u00eda Fr\u00f6tek 50\u00d71500<\/strong> se utiliza para conectar de forma segura las celdas de bater\u00eda en montacargas y equipos industriales.<\/p>\n<p data-start=\"3842\" data-end=\"4096\" data-is-last-node=\"\" data-is-only-node=\"\"><strong data-start=\"3842\" data-end=\"3863\">Especificaciones:<\/strong><br data-start=\"3863\" data-end=\"3866\" \/>Nombre del producto: Cable de conexi\u00f3n de bater\u00eda Fr\u00f6tek<br data-start=\"3922\" data-end=\"3925\" \/>Tama\u00f1o: 50 \u00d7 1500 mm<br data-start=\"3945\" data-end=\"3948\" \/>Material: Conductor de cobre flexible con aislamiento<br data-start=\"4001\" data-end=\"4004\" \/>Aplicaci\u00f3n: Sistemas de bater\u00eda industriales<br data-start=\"4048\" data-end=\"4051\" \/>Ventaja: Alta conductividad y conexi\u00f3n segura<\/p>\n","protected":false},"featured_media":21861,"template":"","meta":[],"product_brand":[],"product_cat":[446],"product_tag":[],"class_list":{"0":"post-21860","1":"product","2":"type-product","3":"status-publish","4":"has-post-thumbnail","6":"product_cat-aku-bar","8":"first","9":"instock","10":"taxable","11":"shipping-taxable","12":"purchasable","13":"product-type-simple"},"_links":{"self":[{"href":"https:\/\/ceoparts.com\/es\/wp-json\/wp\/v2\/product\/21860","targetHints":{"allow":["GET"]}}],"collection":[{"href":"https:\/\/ceoparts.com\/es\/wp-json\/wp\/v2\/product"}],"about":[{"href":"https:\/\/ceoparts.com\/es\/wp-json\/wp\/v2\/types\/product"}],"wp:featuredmedia":[{"embeddable":true,"href":"https:\/\/ceoparts.com\/es\/wp-json\/wp\/v2\/media\/21861"}],"wp:attachment":[{"href":"https:\/\/ceoparts.com\/es\/wp-json\/wp\/v2\/media?parent=21860"}],"wp:term":[{"taxonomy":"product_brand","embeddable":true,"href":"https:\/\/ceoparts.com\/es\/wp-json\/wp\/v2\/product_brand?post=21860"},{"taxonomy":"product_cat","embeddable":true,"href":"https:\/\/ceoparts.com\/es\/wp-json\/wp\/v2\/product_cat?post=21860"},{"taxonomy":"product_tag","embeddable":true,"href":"https:\/\/ceoparts.com\/es\/wp-json\/wp\/v2\/product_tag?post=21860"}],"curies":[{"name":"wp","href":"https:\/\/api.w.org\/{rel}","templated":true}]}}