{"id":21896,"date":"2026-04-28T14:04:11","date_gmt":"2026-04-28T11:04:11","guid":{"rendered":"https:\/\/ceoparts.com\/?post_type=product&#038;p=21896"},"modified":"2026-05-02T05:53:15","modified_gmt":"2026-05-02T02:53:15","slug":"linde-r16-destek-baglanti-parcasi-15013631222","status":"publish","type":"product","link":"https:\/\/ceoparts.com\/es\/urun\/linde-r16-destek-baglanti-parcasi-15013631222\/","title":{"rendered":"LINDE R16 Pieza De Conexi\u00f3n De Soporte &#8211; 15013631222"},"content":{"rendered":"<p>LINDE R16 Pieza De Conexi\u00f3n De Soporte &#8211; 15013631222<\/p>","protected":false},"excerpt":{"rendered":"<p data-start=\"3601\" data-end=\"3776\">La <strong data-start=\"3604\" data-end=\"3658\">pieza de conexi\u00f3n de soporte Linde R16 15013631222<\/strong> es un componente mec\u00e1nico utilizado en montacargas retr\u00e1ctiles para asegurar una conexi\u00f3n estable de los componentes.<\/p>\n<p data-start=\"3778\" data-end=\"4019\"><strong data-start=\"3778\" data-end=\"3799\">Especificaciones:<\/strong><br data-start=\"3799\" data-end=\"3802\" \/>Nombre del producto: Pieza de conexi\u00f3n de soporte Linde R16<br data-start=\"3861\" data-end=\"3864\" \/>C\u00f3digo de pieza: 15013631222<br data-start=\"3892\" data-end=\"3895\" \/>Material: Estructura met\u00e1lica resistente<br data-start=\"3935\" data-end=\"3938\" \/>Aplicaci\u00f3n: Sistema de conexi\u00f3n mec\u00e1nica<br data-start=\"3978\" data-end=\"3981\" \/>Ventaja: Estabilidad y larga vida \u00fatil<\/p>\n<p data-start=\"4021\" data-end=\"4061\" data-is-last-node=\"\" data-is-only-node=\"\"><strong data-start=\"4021\" data-end=\"4045\">Modelos compatibles:<\/strong><br data-start=\"4045\" data-end=\"4048\" \/>Linde <strong data-start=\"4054\" data-end=\"4061\" data-is-last-node=\"\">R16<\/strong><\/p>\n","protected":false},"featured_media":21900,"template":"","meta":[],"product_brand":[],"product_cat":[470,523],"product_tag":[],"class_list":{"0":"post-21896","1":"product","2":"type-product","3":"status-publish","4":"has-post-thumbnail","6":"product_cat-diger-yedek-parcalar","7":"product_cat-yedek-parca-linde","9":"first","10":"instock","11":"taxable","12":"shipping-taxable","13":"purchasable","14":"product-type-simple"},"_links":{"self":[{"href":"https:\/\/ceoparts.com\/es\/wp-json\/wp\/v2\/product\/21896","targetHints":{"allow":["GET"]}}],"collection":[{"href":"https:\/\/ceoparts.com\/es\/wp-json\/wp\/v2\/product"}],"about":[{"href":"https:\/\/ceoparts.com\/es\/wp-json\/wp\/v2\/types\/product"}],"wp:featuredmedia":[{"embeddable":true,"href":"https:\/\/ceoparts.com\/es\/wp-json\/wp\/v2\/media\/21900"}],"wp:attachment":[{"href":"https:\/\/ceoparts.com\/es\/wp-json\/wp\/v2\/media?parent=21896"}],"wp:term":[{"taxonomy":"product_brand","embeddable":true,"href":"https:\/\/ceoparts.com\/es\/wp-json\/wp\/v2\/product_brand?post=21896"},{"taxonomy":"product_cat","embeddable":true,"href":"https:\/\/ceoparts.com\/es\/wp-json\/wp\/v2\/product_cat?post=21896"},{"taxonomy":"product_tag","embeddable":true,"href":"https:\/\/ceoparts.com\/es\/wp-json\/wp\/v2\/product_tag?post=21896"}],"curies":[{"name":"wp","href":"https:\/\/api.w.org\/{rel}","templated":true}]}}