{"id":21905,"date":"2026-04-28T14:28:07","date_gmt":"2026-04-28T11:28:07","guid":{"rendered":"https:\/\/ceoparts.com\/?post_type=product&#038;p=21905"},"modified":"2026-05-02T06:30:33","modified_gmt":"2026-05-02T03:30:33","slug":"linde-r16-destek-baglanti-parcasi-15014410903","status":"publish","type":"product","link":"https:\/\/ceoparts.com\/es\/urun\/linde-r16-destek-baglanti-parcasi-15014410903\/","title":{"rendered":"LINDE R16 Pieza De Conexi\u00f3n De Soporte &#8211; 15014410903"},"content":{"rendered":"<p>LINDE R16 Pieza De Conexi\u00f3n De Soporte &#8211; 15014410903<\/p>","protected":false},"excerpt":{"rendered":"<p data-start=\"3565\" data-end=\"3740\">La <strong data-start=\"3568\" data-end=\"3622\">pieza de conexi\u00f3n de soporte Linde R16 15014410903<\/strong> es un componente mec\u00e1nico utilizado en montacargas retr\u00e1ctiles para asegurar una conexi\u00f3n estable de los componentes.<\/p>\n<p data-start=\"3742\" data-end=\"3983\"><strong data-start=\"3742\" data-end=\"3763\">Especificaciones:<\/strong><br data-start=\"3763\" data-end=\"3766\" \/>Nombre del producto: Pieza de conexi\u00f3n de soporte Linde R16<br data-start=\"3825\" data-end=\"3828\" \/>C\u00f3digo de pieza: 15014410903<br data-start=\"3856\" data-end=\"3859\" \/>Material: Estructura met\u00e1lica resistente<br data-start=\"3899\" data-end=\"3902\" \/>Aplicaci\u00f3n: Sistema de conexi\u00f3n mec\u00e1nica<br data-start=\"3942\" data-end=\"3945\" \/>Ventaja: Estabilidad y larga vida \u00fatil<\/p>\n","protected":false},"featured_media":21907,"template":"","meta":[],"product_brand":[],"product_cat":[470,523],"product_tag":[],"class_list":{"0":"post-21905","1":"product","2":"type-product","3":"status-publish","4":"has-post-thumbnail","6":"product_cat-diger-yedek-parcalar","7":"product_cat-yedek-parca-linde","9":"first","10":"instock","11":"taxable","12":"shipping-taxable","13":"purchasable","14":"product-type-simple"},"_links":{"self":[{"href":"https:\/\/ceoparts.com\/es\/wp-json\/wp\/v2\/product\/21905","targetHints":{"allow":["GET"]}}],"collection":[{"href":"https:\/\/ceoparts.com\/es\/wp-json\/wp\/v2\/product"}],"about":[{"href":"https:\/\/ceoparts.com\/es\/wp-json\/wp\/v2\/types\/product"}],"wp:featuredmedia":[{"embeddable":true,"href":"https:\/\/ceoparts.com\/es\/wp-json\/wp\/v2\/media\/21907"}],"wp:attachment":[{"href":"https:\/\/ceoparts.com\/es\/wp-json\/wp\/v2\/media?parent=21905"}],"wp:term":[{"taxonomy":"product_brand","embeddable":true,"href":"https:\/\/ceoparts.com\/es\/wp-json\/wp\/v2\/product_brand?post=21905"},{"taxonomy":"product_cat","embeddable":true,"href":"https:\/\/ceoparts.com\/es\/wp-json\/wp\/v2\/product_cat?post=21905"},{"taxonomy":"product_tag","embeddable":true,"href":"https:\/\/ceoparts.com\/es\/wp-json\/wp\/v2\/product_tag?post=21905"}],"curies":[{"name":"wp","href":"https:\/\/api.w.org\/{rel}","templated":true}]}}