{"id":21909,"date":"2026-04-28T14:33:14","date_gmt":"2026-04-28T11:33:14","guid":{"rendered":"https:\/\/ceoparts.com\/?post_type=product&#038;p=21909"},"modified":"2026-05-02T06:30:24","modified_gmt":"2026-05-02T03:30:24","slug":"linde-r16-destek-baglanti-parcasi-15013631223","status":"publish","type":"product","link":"https:\/\/ceoparts.com\/es\/urun\/linde-r16-destek-baglanti-parcasi-15013631223\/","title":{"rendered":"LINDE R16 Pieza De Conexi\u00f3n De Soporte &#8211; 15013631223"},"content":{"rendered":"<p>LINDE R16 Pieza De Conexi\u00f3n De Soporte &#8211; 15013631223<\/p>","protected":false},"excerpt":{"rendered":"<p data-start=\"3559\" data-end=\"3734\">La <strong data-start=\"3562\" data-end=\"3616\">pieza de conexi\u00f3n de soporte Linde R16 15013631223<\/strong> es un componente mec\u00e1nico utilizado en montacargas retr\u00e1ctiles para asegurar una conexi\u00f3n estable de los componentes.<\/p>\n<p data-start=\"3736\" data-end=\"3977\"><strong data-start=\"3736\" data-end=\"3757\">Especificaciones:<\/strong><br data-start=\"3757\" data-end=\"3760\" \/>Nombre del producto: Pieza de conexi\u00f3n de soporte Linde R16<br data-start=\"3819\" data-end=\"3822\" \/>C\u00f3digo de pieza: 15013631223<br data-start=\"3850\" data-end=\"3853\" \/>Material: Estructura met\u00e1lica resistente<br data-start=\"3893\" data-end=\"3896\" \/>Aplicaci\u00f3n: Sistema de conexi\u00f3n mec\u00e1nica<br data-start=\"3936\" data-end=\"3939\" \/>Ventaja: Estabilidad y larga vida \u00fatil<\/p>\n","protected":false},"featured_media":21911,"template":"","meta":[],"product_brand":[],"product_cat":[523,470],"product_tag":[],"class_list":{"0":"post-21909","1":"product","2":"type-product","3":"status-publish","4":"has-post-thumbnail","6":"product_cat-yedek-parca-linde","7":"product_cat-diger-yedek-parcalar","9":"first","10":"instock","11":"taxable","12":"shipping-taxable","13":"purchasable","14":"product-type-simple"},"_links":{"self":[{"href":"https:\/\/ceoparts.com\/es\/wp-json\/wp\/v2\/product\/21909","targetHints":{"allow":["GET"]}}],"collection":[{"href":"https:\/\/ceoparts.com\/es\/wp-json\/wp\/v2\/product"}],"about":[{"href":"https:\/\/ceoparts.com\/es\/wp-json\/wp\/v2\/types\/product"}],"wp:featuredmedia":[{"embeddable":true,"href":"https:\/\/ceoparts.com\/es\/wp-json\/wp\/v2\/media\/21911"}],"wp:attachment":[{"href":"https:\/\/ceoparts.com\/es\/wp-json\/wp\/v2\/media?parent=21909"}],"wp:term":[{"taxonomy":"product_brand","embeddable":true,"href":"https:\/\/ceoparts.com\/es\/wp-json\/wp\/v2\/product_brand?post=21909"},{"taxonomy":"product_cat","embeddable":true,"href":"https:\/\/ceoparts.com\/es\/wp-json\/wp\/v2\/product_cat?post=21909"},{"taxonomy":"product_tag","embeddable":true,"href":"https:\/\/ceoparts.com\/es\/wp-json\/wp\/v2\/product_tag?post=21909"}],"curies":[{"name":"wp","href":"https:\/\/api.w.org\/{rel}","templated":true}]}}