{"id":22031,"date":"2026-05-04T14:56:08","date_gmt":"2026-05-04T11:56:08","guid":{"rendered":"https:\/\/ceoparts.com\/?post_type=product&#038;p=22031"},"modified":"2026-05-06T14:49:43","modified_gmt":"2026-05-06T11:49:43","slug":"linde-piyon-dislisi-3505274700","status":"publish","type":"product","link":"https:\/\/ceoparts.com\/es\/urun\/linde-piyon-dislisi-3505274700\/","title":{"rendered":"LINDE Pi\u00f1\u00f3n &#8211; 3505274700"},"content":{"rendered":"<p>LINDE Pi\u00f1\u00f3n &#8211; 3505274700<\/p>","protected":false},"excerpt":{"rendered":"<p>El <strong data-start=\"5273\" data-end=\"5299\">pi\u00f1\u00f3n Linde 3505274700<\/strong> es un componente importante de transmisi\u00f3n de potencia utilizado en los sistemas de tracci\u00f3n de montacargas y equipos industriales. Transmite la potencia del motor a trav\u00e9s del sistema de engranajes, asegurando un movimiento suave y eficiente. Gracias a su estructura de acero de alta resistencia, ofrece alto rendimiento bajo cargas pesadas, es resistente al desgaste y proporciona una larga vida \u00fatil. Contribuye al funcionamiento estable del sistema de tracci\u00f3n y desplazamiento de la m\u00e1quina.<\/p>\n","protected":false},"featured_media":22039,"template":"","meta":[],"product_brand":[],"product_cat":[523,470],"product_tag":[],"class_list":{"0":"post-22031","1":"product","2":"type-product","3":"status-publish","4":"has-post-thumbnail","6":"product_cat-yedek-parca-linde","7":"product_cat-diger-yedek-parcalar","9":"first","10":"instock","11":"taxable","12":"shipping-taxable","13":"purchasable","14":"product-type-simple"},"_links":{"self":[{"href":"https:\/\/ceoparts.com\/es\/wp-json\/wp\/v2\/product\/22031","targetHints":{"allow":["GET"]}}],"collection":[{"href":"https:\/\/ceoparts.com\/es\/wp-json\/wp\/v2\/product"}],"about":[{"href":"https:\/\/ceoparts.com\/es\/wp-json\/wp\/v2\/types\/product"}],"wp:featuredmedia":[{"embeddable":true,"href":"https:\/\/ceoparts.com\/es\/wp-json\/wp\/v2\/media\/22039"}],"wp:attachment":[{"href":"https:\/\/ceoparts.com\/es\/wp-json\/wp\/v2\/media?parent=22031"}],"wp:term":[{"taxonomy":"product_brand","embeddable":true,"href":"https:\/\/ceoparts.com\/es\/wp-json\/wp\/v2\/product_brand?post=22031"},{"taxonomy":"product_cat","embeddable":true,"href":"https:\/\/ceoparts.com\/es\/wp-json\/wp\/v2\/product_cat?post=22031"},{"taxonomy":"product_tag","embeddable":true,"href":"https:\/\/ceoparts.com\/es\/wp-json\/wp\/v2\/product_tag?post=22031"}],"curies":[{"name":"wp","href":"https:\/\/api.w.org\/{rel}","templated":true}]}}