{"id":22042,"date":"2026-05-04T16:22:21","date_gmt":"2026-05-04T13:22:21","guid":{"rendered":"https:\/\/ceoparts.com\/?post_type=product&#038;p=22042"},"modified":"2026-05-06T15:05:47","modified_gmt":"2026-05-06T12:05:47","slug":"still-exu-s-22-denge-mekanizmasi-4492535","status":"publish","type":"product","link":"https:\/\/ceoparts.com\/es\/urun\/still-exu-s-22-denge-mekanizmasi-4492535\/","title":{"rendered":"STILL \/ EXU-S 22 Mecanismo De Equilibrio &#8211; 4492535"},"content":{"rendered":"<p>STILL \/ EXU-S 22 Mecanismo De Equilibrio &#8211; 4492535<\/p>","protected":false},"excerpt":{"rendered":"<p>El <strong data-start=\"6542\" data-end=\"6592\">mecanismo de equilibrio STILL EXU-S 22 4492535<\/strong> es un componente mec\u00e1nico importante utilizado en transpaletas el\u00e9ctricas y equipos industriales para garantizar un movimiento estable y equilibrado de la m\u00e1quina. Apoya el control de estabilidad bajo carga y ayuda a que el sistema de tracci\u00f3n funcione de manera segura y controlada. Gracias a su estructura robusta y componentes duraderos, ofrece un rendimiento fiable y una larga vida \u00fatil en condiciones industriales exigentes. Tambi\u00e9n contribuye a reducir las vibraciones durante el funcionamiento y a mejorar el control del operador.<\/p>\n","protected":false},"featured_media":22050,"template":"","meta":[],"product_brand":[],"product_cat":[524,420],"product_tag":[],"class_list":{"0":"post-22042","1":"product","2":"type-product","3":"status-publish","4":"has-post-thumbnail","6":"product_cat-yedek-parca-still","7":"product_cat-denge-mekanizmalar","9":"first","10":"instock","11":"taxable","12":"shipping-taxable","13":"purchasable","14":"product-type-simple"},"_links":{"self":[{"href":"https:\/\/ceoparts.com\/es\/wp-json\/wp\/v2\/product\/22042","targetHints":{"allow":["GET"]}}],"collection":[{"href":"https:\/\/ceoparts.com\/es\/wp-json\/wp\/v2\/product"}],"about":[{"href":"https:\/\/ceoparts.com\/es\/wp-json\/wp\/v2\/types\/product"}],"wp:featuredmedia":[{"embeddable":true,"href":"https:\/\/ceoparts.com\/es\/wp-json\/wp\/v2\/media\/22050"}],"wp:attachment":[{"href":"https:\/\/ceoparts.com\/es\/wp-json\/wp\/v2\/media?parent=22042"}],"wp:term":[{"taxonomy":"product_brand","embeddable":true,"href":"https:\/\/ceoparts.com\/es\/wp-json\/wp\/v2\/product_brand?post=22042"},{"taxonomy":"product_cat","embeddable":true,"href":"https:\/\/ceoparts.com\/es\/wp-json\/wp\/v2\/product_cat?post=22042"},{"taxonomy":"product_tag","embeddable":true,"href":"https:\/\/ceoparts.com\/es\/wp-json\/wp\/v2\/product_tag?post=22042"}],"curies":[{"name":"wp","href":"https:\/\/api.w.org\/{rel}","templated":true}]}}