{"id":22063,"date":"2026-05-05T10:48:21","date_gmt":"2026-05-05T07:48:21","guid":{"rendered":"https:\/\/ceoparts.com\/?post_type=product&#038;p=22063"},"modified":"2026-05-06T15:11:26","modified_gmt":"2026-05-06T12:11:26","slug":"160x50-20-poliamid-transpalet-yuruyus-tekeri","status":"publish","type":"product","link":"https:\/\/ceoparts.com\/es\/urun\/160x50-20-poliamid-transpalet-yuruyus-tekeri\/","title":{"rendered":"160&#215;50-20 Rueda a pie"},"content":{"rendered":"<p>160&#215;50-20 Rueda a pie<\/p>","protected":false},"excerpt":{"rendered":"<p data-start=\"0\" data-end=\"420\">160\u00d750-20 rueda de marcha es una rueda duradera y de alta calidad utilizada en carretillas elevadoras y veh\u00edculos industriales. Con un di\u00e1metro de 160 mm y un ancho de 50 mm, ofrece una amplia superficie de contacto con el suelo para una conducci\u00f3n estable y equilibrada. El recubrimiento de poliuretano proporciona resistencia al desgaste y operaci\u00f3n silenciosa y antideslizante. Dise\u00f1ada para cargas pesadas, garantiza una larga vida \u00fatil.<\/p>\n<p data-start=\"5130\" data-end=\"5523\" data-is-last-node=\"\" data-is-only-node=\"\"><strong data-start=\"5130\" data-end=\"5150\">Caracter\u00edsticas:<\/strong><br data-start=\"5150\" data-end=\"5153\" \/><strong data-start=\"5153\" data-end=\"5177\">Nombre del producto:<\/strong> 160\u00d750-20 rueda de marcha<br data-start=\"5203\" data-end=\"5206\" \/><strong data-start=\"5206\" data-end=\"5226\">C\u00f3digo de pieza:<\/strong> \u2013<br data-start=\"5228\" data-end=\"5231\" \/><strong data-start=\"5231\" data-end=\"5244\">Material:<\/strong> Recubrimiento de poliuretano, cuerpo de acero<br data-start=\"5290\" data-end=\"5293\" \/><strong data-start=\"5293\" data-end=\"5316\">\u00c1rea de aplicaci\u00f3n:<\/strong> Rueda de marcha para carretillas elevadoras y veh\u00edculos industriales<br data-start=\"5385\" data-end=\"5388\" \/><strong data-start=\"5388\" data-end=\"5400\">Ventaja:<\/strong> Amplia superficie de contacto para conducci\u00f3n estable, alta resistencia al desgaste, operaci\u00f3n silenciosa y antideslizante<\/p>\n","protected":false},"featured_media":22064,"template":"","meta":[],"product_brand":[],"product_cat":[539,547,193],"product_tag":[],"class_list":{"0":"post-22063","1":"product","2":"type-product","3":"status-publish","4":"has-post-thumbnail","6":"product_cat-transpalet-tekeri","7":"product_cat-poliamid-yuruyus-tekeri","8":"product_cat-yuruyus-tekeri","10":"first","11":"instock","12":"taxable","13":"shipping-taxable","14":"purchasable","15":"product-type-simple"},"_links":{"self":[{"href":"https:\/\/ceoparts.com\/es\/wp-json\/wp\/v2\/product\/22063","targetHints":{"allow":["GET"]}}],"collection":[{"href":"https:\/\/ceoparts.com\/es\/wp-json\/wp\/v2\/product"}],"about":[{"href":"https:\/\/ceoparts.com\/es\/wp-json\/wp\/v2\/types\/product"}],"wp:featuredmedia":[{"embeddable":true,"href":"https:\/\/ceoparts.com\/es\/wp-json\/wp\/v2\/media\/22064"}],"wp:attachment":[{"href":"https:\/\/ceoparts.com\/es\/wp-json\/wp\/v2\/media?parent=22063"}],"wp:term":[{"taxonomy":"product_brand","embeddable":true,"href":"https:\/\/ceoparts.com\/es\/wp-json\/wp\/v2\/product_brand?post=22063"},{"taxonomy":"product_cat","embeddable":true,"href":"https:\/\/ceoparts.com\/es\/wp-json\/wp\/v2\/product_cat?post=22063"},{"taxonomy":"product_tag","embeddable":true,"href":"https:\/\/ceoparts.com\/es\/wp-json\/wp\/v2\/product_tag?post=22063"}],"curies":[{"name":"wp","href":"https:\/\/api.w.org\/{rel}","templated":true}]}}