{"id":22075,"date":"2026-05-06T09:20:45","date_gmt":"2026-05-06T06:20:45","guid":{"rendered":"https:\/\/ceoparts.com\/?post_type=product&#038;p=22075"},"modified":"2026-05-06T15:16:31","modified_gmt":"2026-05-06T12:16:31","slug":"tutamak-sb50a-kirmizi","status":"publish","type":"product","link":"https:\/\/ceoparts.com\/es\/urun\/tutamak-sb50a-kirmizi\/","title":{"rendered":"Manija Roja Sb50A"},"content":{"rendered":"<p>Manija Roja Sb50A<\/p>","protected":false},"excerpt":{"rendered":"<p data-start=\"3403\" data-end=\"3533\">La <strong data-start=\"3406\" data-end=\"3427\">manija roja SB50A<\/strong> se utiliza en montacargas y sistemas de conexi\u00f3n de bater\u00edas para facilitar conexiones seguras y c\u00f3modas.<\/p>\n<p data-start=\"3535\" data-end=\"3786\" data-is-last-node=\"\" data-is-only-node=\"\"><strong data-start=\"3535\" data-end=\"3556\">Especificaciones:<\/strong><br data-start=\"3556\" data-end=\"3559\" \/>Nombre del producto: Manija SB50A Roja<br data-start=\"3597\" data-end=\"3600\" \/>Tipo: Manija de conector de bater\u00eda<br data-start=\"3635\" data-end=\"3638\" \/>Color: Rojo<br data-start=\"3649\" data-end=\"3652\" \/>Material: Pl\u00e1stico industrial resistente<br data-start=\"3692\" data-end=\"3695\" \/>Aplicaci\u00f3n: Montacargas y sistemas de bater\u00edas<br data-start=\"3741\" data-end=\"3744\" \/>Ventaja: Sujeci\u00f3n segura y larga vida \u00fatil<\/p>\n","protected":false},"featured_media":22077,"template":"","meta":[],"product_brand":[],"product_cat":[442,443],"product_tag":[],"class_list":{"0":"post-22075","1":"product","2":"type-product","3":"status-publish","4":"has-post-thumbnail","6":"product_cat-aku-yedek-parcalari","7":"product_cat-aku-parcalari","9":"first","10":"instock","11":"taxable","12":"shipping-taxable","13":"purchasable","14":"product-type-simple"},"_links":{"self":[{"href":"https:\/\/ceoparts.com\/es\/wp-json\/wp\/v2\/product\/22075","targetHints":{"allow":["GET"]}}],"collection":[{"href":"https:\/\/ceoparts.com\/es\/wp-json\/wp\/v2\/product"}],"about":[{"href":"https:\/\/ceoparts.com\/es\/wp-json\/wp\/v2\/types\/product"}],"wp:featuredmedia":[{"embeddable":true,"href":"https:\/\/ceoparts.com\/es\/wp-json\/wp\/v2\/media\/22077"}],"wp:attachment":[{"href":"https:\/\/ceoparts.com\/es\/wp-json\/wp\/v2\/media?parent=22075"}],"wp:term":[{"taxonomy":"product_brand","embeddable":true,"href":"https:\/\/ceoparts.com\/es\/wp-json\/wp\/v2\/product_brand?post=22075"},{"taxonomy":"product_cat","embeddable":true,"href":"https:\/\/ceoparts.com\/es\/wp-json\/wp\/v2\/product_cat?post=22075"},{"taxonomy":"product_tag","embeddable":true,"href":"https:\/\/ceoparts.com\/es\/wp-json\/wp\/v2\/product_tag?post=22075"}],"curies":[{"name":"wp","href":"https:\/\/api.w.org\/{rel}","templated":true}]}}