{"id":22097,"date":"2026-05-07T09:33:08","date_gmt":"2026-05-07T06:33:08","guid":{"rendered":"https:\/\/ceoparts.com\/?post_type=product&#038;p=22097"},"modified":"2026-05-14T05:46:27","modified_gmt":"2026-05-14T02:46:27","slug":"rema-aku-soketi-sre-160-gri","status":"publish","type":"product","link":"https:\/\/ceoparts.com\/es\/urun\/rema-aku-soketi-sre-160-gri\/","title":{"rendered":"Conector De Bater\u00eda Rema SRE 160 Gris"},"content":{"rendered":"<p>Conector De Bater\u00eda Rema SRE 160 Gris<\/p>\n<p>Conector De Bater\u00eda Rema SRE 160 Gris<\/p>\n<p><\/p>","protected":false},"excerpt":{"rendered":"<p data-start=\"4052\" data-end=\"4368\">El conector de bater\u00eda Rema SR 160 Gris es un modelo resistente y de alto rendimiento dise\u00f1ado para conexiones seguras de bater\u00eda en montacargas, equipos de almac\u00e9n y otros veh\u00edculos el\u00e9ctricos. Gracias a su alta capacidad de conducci\u00f3n de corriente, proporciona una transmisi\u00f3n de energ\u00eda segura e ininterrumpida.<\/p>\n<p data-start=\"4370\" data-end=\"4388\">Caracter\u00edsticas:<\/p>\n<p data-start=\"4390\" data-end=\"4727\" data-is-last-node=\"\" data-is-only-node=\"\">Nombre Del Producto: Conector De Bater\u00eda Rema SR 160 Gris<br data-start=\"4447\" data-end=\"4450\" \/>Material: Pl\u00e1stico resistente y aleaci\u00f3n met\u00e1lica conductora<br data-start=\"4510\" data-end=\"4513\" \/>\u00c1rea De Uso: Conexi\u00f3n de bater\u00eda en montacargas, veh\u00edculos de almac\u00e9n y equipos el\u00e9ctricos<br data-start=\"4603\" data-end=\"4606\" \/>Ventaja: Alta capacidad de conducci\u00f3n de corriente, estructura resistente, transmisi\u00f3n de energ\u00eda segura e ininterrumpida<\/p>\n","protected":false},"featured_media":22102,"template":"","meta":[],"product_brand":[],"product_cat":[444],"product_tag":[],"class_list":{"0":"post-22097","1":"product","2":"type-product","3":"status-publish","4":"has-post-thumbnail","6":"product_cat-aku-fisi","8":"first","9":"instock","10":"taxable","11":"shipping-taxable","12":"purchasable","13":"product-type-simple"},"_links":{"self":[{"href":"https:\/\/ceoparts.com\/es\/wp-json\/wp\/v2\/product\/22097","targetHints":{"allow":["GET"]}}],"collection":[{"href":"https:\/\/ceoparts.com\/es\/wp-json\/wp\/v2\/product"}],"about":[{"href":"https:\/\/ceoparts.com\/es\/wp-json\/wp\/v2\/types\/product"}],"wp:featuredmedia":[{"embeddable":true,"href":"https:\/\/ceoparts.com\/es\/wp-json\/wp\/v2\/media\/22102"}],"wp:attachment":[{"href":"https:\/\/ceoparts.com\/es\/wp-json\/wp\/v2\/media?parent=22097"}],"wp:term":[{"taxonomy":"product_brand","embeddable":true,"href":"https:\/\/ceoparts.com\/es\/wp-json\/wp\/v2\/product_brand?post=22097"},{"taxonomy":"product_cat","embeddable":true,"href":"https:\/\/ceoparts.com\/es\/wp-json\/wp\/v2\/product_cat?post=22097"},{"taxonomy":"product_tag","embeddable":true,"href":"https:\/\/ceoparts.com\/es\/wp-json\/wp\/v2\/product_tag?post=22097"}],"curies":[{"name":"wp","href":"https:\/\/api.w.org\/{rel}","templated":true}]}}