{"id":22160,"date":"2026-05-09T11:42:08","date_gmt":"2026-05-09T08:42:08","guid":{"rendered":"https:\/\/ceoparts.com\/?post_type=product&#038;p=22160"},"modified":"2026-05-14T04:33:57","modified_gmt":"2026-05-14T01:33:57","slug":"role-12v-40a","status":"publish","type":"product","link":"https:\/\/ceoparts.com\/es\/urun\/role-12v-40a\/","title":{"rendered":"Rel\u00e9 12V 40A"},"content":{"rendered":"<p>Rel\u00e9 12V 40A<\/p>","protected":false},"excerpt":{"rendered":"<p data-start=\"0\" data-end=\"237\"><br data-start=\"3652\" data-end=\"3655\" \/>El rel\u00e9 12V 40A es un componente el\u00e9ctrico potente y duradero utilizado para controlar circuitos de alta corriente en carretillas elevadoras y maquinaria industrial. Dise\u00f1ado para aplicaciones pesadas, mejora la seguridad y el rendimiento del sistema.<\/p>\n<p data-start=\"3908\" data-end=\"4283\" data-is-last-node=\"\" data-is-only-node=\"\"><strong data-start=\"3908\" data-end=\"3928\">Caracter\u00edsticas:<\/strong><br data-start=\"3928\" data-end=\"3931\" \/><strong data-start=\"3931\" data-end=\"3955\">Nombre del producto:<\/strong> Rel\u00e9 12V 40A<br data-start=\"3968\" data-end=\"3971\" \/><strong data-start=\"3971\" data-end=\"3991\">C\u00f3digo de pieza:<\/strong> Var\u00eda seg\u00fan modelo y aplicaci\u00f3n<br data-start=\"4023\" data-end=\"4026\" \/><strong data-start=\"4026\" data-end=\"4039\">Material:<\/strong> Carcasa met\u00e1lica, contactos de cobre y conector aislado de pl\u00e1stico<br data-start=\"4107\" data-end=\"4110\" \/><strong data-start=\"4110\" data-end=\"4133\">\u00c1rea de aplicaci\u00f3n:<\/strong> Carretillas elevadoras, maquinaria y sistemas de control industrial<br data-start=\"4201\" data-end=\"4204\" \/><strong data-start=\"4204\" data-end=\"4216\">Ventaja:<\/strong> Gran capacidad de corriente, conmutaci\u00f3n fiable, larga vida \u00fatil<\/p>\n","protected":false},"featured_media":22164,"template":"","meta":[],"product_brand":[],"product_cat":[443,469],"product_tag":[],"class_list":{"0":"post-22160","1":"product","2":"type-product","3":"status-publish","4":"has-post-thumbnail","6":"product_cat-aku-parcalari","7":"product_cat-elektrik-ve-sistem-parcalari","9":"first","10":"instock","11":"taxable","12":"shipping-taxable","13":"purchasable","14":"product-type-simple"},"_links":{"self":[{"href":"https:\/\/ceoparts.com\/es\/wp-json\/wp\/v2\/product\/22160","targetHints":{"allow":["GET"]}}],"collection":[{"href":"https:\/\/ceoparts.com\/es\/wp-json\/wp\/v2\/product"}],"about":[{"href":"https:\/\/ceoparts.com\/es\/wp-json\/wp\/v2\/types\/product"}],"wp:featuredmedia":[{"embeddable":true,"href":"https:\/\/ceoparts.com\/es\/wp-json\/wp\/v2\/media\/22164"}],"wp:attachment":[{"href":"https:\/\/ceoparts.com\/es\/wp-json\/wp\/v2\/media?parent=22160"}],"wp:term":[{"taxonomy":"product_brand","embeddable":true,"href":"https:\/\/ceoparts.com\/es\/wp-json\/wp\/v2\/product_brand?post=22160"},{"taxonomy":"product_cat","embeddable":true,"href":"https:\/\/ceoparts.com\/es\/wp-json\/wp\/v2\/product_cat?post=22160"},{"taxonomy":"product_tag","embeddable":true,"href":"https:\/\/ceoparts.com\/es\/wp-json\/wp\/v2\/product_tag?post=22160"}],"curies":[{"name":"wp","href":"https:\/\/api.w.org\/{rel}","templated":true}]}}