{"id":22433,"date":"2026-05-15T09:39:25","date_gmt":"2026-05-15T06:39:25","guid":{"rendered":"https:\/\/ceoparts.com\/?post_type=product&#038;p=22433"},"modified":"2026-05-16T06:13:06","modified_gmt":"2026-05-16T03:13:06","slug":"still-disli-kayis-8409924","status":"publish","type":"product","link":"https:\/\/ceoparts.com\/es\/urun\/still-disli-kayis-8409924\/","title":{"rendered":"STILL Correa Dentada &#8211; 8409924"},"content":{"rendered":"<p>STILL Correa Dentada &#8211; 8409924<\/p>","protected":false},"excerpt":{"rendered":"<p data-start=\"5640\" data-end=\"6217\">La <strong data-start=\"5643\" data-end=\"5675\">correa dentada STILL 8409924<\/strong> es un importante componente de transmisi\u00f3n de potencia utilizado en montacargas y equipos industriales para proporcionar transferencia de movimiento y funcionamiento sincronizado. Gracias a su estructura dentada, garantiza una transmisi\u00f3n precisa de potencia sin deslizamiento y ayuda al funcionamiento sincronizado de los sistemas mec\u00e1nicos. Su estructura de goma reforzada ofrece alta resistencia al desgaste, la tensi\u00f3n y las condiciones de trabajo intensivas. Contribuye a un funcionamiento eficiente, estable y silencioso de la m\u00e1quina.<\/p>\n<p data-start=\"6219\" data-end=\"6579\" data-is-last-node=\"\" data-is-only-node=\"\"><strong data-start=\"6219\" data-end=\"6240\">Especificaciones:<\/strong><br data-start=\"6240\" data-end=\"6243\" \/>Nombre del producto: Correa dentada STILL<br data-start=\"6284\" data-end=\"6287\" \/>C\u00f3digo de pieza: 8409924<br data-start=\"6311\" data-end=\"6314\" \/>Tipo: Correa dentada \/ sincronizada<br data-start=\"6349\" data-end=\"6352\" \/>Material: Goma reforzada con estructura de cord\u00f3n<br data-start=\"6401\" data-end=\"6404\" \/>Aplicaci\u00f3n: Sistemas de transmisi\u00f3n de potencia para montacargas y equipos industriales<br data-start=\"6491\" data-end=\"6494\" \/>Ventaja: Transmisi\u00f3n precisa de potencia, estructura antideslizante y larga vida \u00fatil<\/p>\n","protected":false},"featured_media":22434,"template":"","meta":[],"product_brand":[],"product_cat":[524,470,554],"product_tag":[],"class_list":{"0":"post-22433","1":"product","2":"type-product","3":"status-publish","4":"has-post-thumbnail","6":"product_cat-yedek-parca-still","7":"product_cat-diger-yedek-parcalar","8":"product_cat-haftanin-urunleri","10":"first","11":"instock","12":"taxable","13":"shipping-taxable","14":"purchasable","15":"product-type-simple"},"_links":{"self":[{"href":"https:\/\/ceoparts.com\/es\/wp-json\/wp\/v2\/product\/22433","targetHints":{"allow":["GET"]}}],"collection":[{"href":"https:\/\/ceoparts.com\/es\/wp-json\/wp\/v2\/product"}],"about":[{"href":"https:\/\/ceoparts.com\/es\/wp-json\/wp\/v2\/types\/product"}],"wp:featuredmedia":[{"embeddable":true,"href":"https:\/\/ceoparts.com\/es\/wp-json\/wp\/v2\/media\/22434"}],"wp:attachment":[{"href":"https:\/\/ceoparts.com\/es\/wp-json\/wp\/v2\/media?parent=22433"}],"wp:term":[{"taxonomy":"product_brand","embeddable":true,"href":"https:\/\/ceoparts.com\/es\/wp-json\/wp\/v2\/product_brand?post=22433"},{"taxonomy":"product_cat","embeddable":true,"href":"https:\/\/ceoparts.com\/es\/wp-json\/wp\/v2\/product_cat?post=22433"},{"taxonomy":"product_tag","embeddable":true,"href":"https:\/\/ceoparts.com\/es\/wp-json\/wp\/v2\/product_tag?post=22433"}],"curies":[{"name":"wp","href":"https:\/\/api.w.org\/{rel}","templated":true}]}}