{"id":22442,"date":"2026-05-15T12:05:11","date_gmt":"2026-05-15T09:05:11","guid":{"rendered":"https:\/\/ceoparts.com\/?post_type=product&#038;p=22442"},"modified":"2026-05-16T05:53:00","modified_gmt":"2026-05-16T02:53:00","slug":"linde-r16-kapak-15013600300","status":"publish","type":"product","link":"https:\/\/ceoparts.com\/es\/urun\/linde-r16-kapak-15013600300\/","title":{"rendered":"LINDE R16 Cubierta &#8211; 15013600300"},"content":{"rendered":"<p>LINDE R16 Cubierta &#8211; 15013600300<\/p>","protected":false},"excerpt":{"rendered":"<p data-start=\"5456\" data-end=\"5948\">La <strong data-start=\"5459\" data-end=\"5493\">cubierta Linde R16 15013600300<\/strong> es un componente protector utilizado en montacargas y equipos retr\u00e1ctiles. Ayuda a proteger componentes mec\u00e1nicos, el\u00e9ctricos y electr\u00f3nicos contra polvo, suciedad, impactos y factores externos. Gracias a su estructura resistente, ofrece una larga vida \u00fatil incluso en condiciones industriales exigentes y contribuye al funcionamiento seguro, estable y ordenado del equipo. Tambi\u00e9n ayuda a proteger los componentes del sistema contra el entorno exterior.<\/p>\n<p data-start=\"5950\" data-end=\"6286\"><strong data-start=\"5950\" data-end=\"5971\">Especificaciones:<\/strong><br data-start=\"5971\" data-end=\"5974\" \/>Nombre del producto: Cubierta Linde R16<br data-start=\"6013\" data-end=\"6016\" \/>C\u00f3digo de pieza: 15013600300<br data-start=\"6044\" data-end=\"6047\" \/>Tipo: Cubierta protectora \/ componente de carrocer\u00eda<br data-start=\"6099\" data-end=\"6102\" \/>Material: Pl\u00e1stico industrial resistente \/ estructura compuesta<br data-start=\"6165\" data-end=\"6168\" \/>Aplicaci\u00f3n: Montacargas y reach trucks<br data-start=\"6206\" data-end=\"6209\" \/>Ventaja: Protecci\u00f3n de componentes, estructura resistente y larga vida \u00fatil<\/p>\n","protected":false},"featured_media":22443,"template":"","meta":[],"product_brand":[],"product_cat":[523,472,554],"product_tag":[],"class_list":{"0":"post-22442","1":"product","2":"type-product","3":"status-publish","4":"has-post-thumbnail","6":"product_cat-yedek-parca-linde","7":"product_cat-kaporta-aksami","8":"product_cat-haftanin-urunleri","10":"first","11":"instock","12":"taxable","13":"shipping-taxable","14":"purchasable","15":"product-type-simple"},"_links":{"self":[{"href":"https:\/\/ceoparts.com\/es\/wp-json\/wp\/v2\/product\/22442","targetHints":{"allow":["GET"]}}],"collection":[{"href":"https:\/\/ceoparts.com\/es\/wp-json\/wp\/v2\/product"}],"about":[{"href":"https:\/\/ceoparts.com\/es\/wp-json\/wp\/v2\/types\/product"}],"wp:featuredmedia":[{"embeddable":true,"href":"https:\/\/ceoparts.com\/es\/wp-json\/wp\/v2\/media\/22443"}],"wp:attachment":[{"href":"https:\/\/ceoparts.com\/es\/wp-json\/wp\/v2\/media?parent=22442"}],"wp:term":[{"taxonomy":"product_brand","embeddable":true,"href":"https:\/\/ceoparts.com\/es\/wp-json\/wp\/v2\/product_brand?post=22442"},{"taxonomy":"product_cat","embeddable":true,"href":"https:\/\/ceoparts.com\/es\/wp-json\/wp\/v2\/product_cat?post=22442"},{"taxonomy":"product_tag","embeddable":true,"href":"https:\/\/ceoparts.com\/es\/wp-json\/wp\/v2\/product_tag?post=22442"}],"curies":[{"name":"wp","href":"https:\/\/api.w.org\/{rel}","templated":true}]}}