{"id":22448,"date":"2026-05-15T16:58:30","date_gmt":"2026-05-15T13:58:30","guid":{"rendered":"https:\/\/ceoparts.com\/?post_type=product&#038;p=22448"},"modified":"2026-05-16T05:39:33","modified_gmt":"2026-05-16T02:39:33","slug":"still-kapak-50024300619","status":"publish","type":"product","link":"https:\/\/ceoparts.com\/es\/urun\/still-kapak-50024300619\/","title":{"rendered":"STILL Cubierta &#8211; 50024300619"},"content":{"rendered":"<p>STILL Cubierta &#8211; 50024300619<\/p>","protected":false},"excerpt":{"rendered":"<p data-start=\"5209\" data-end=\"5698\">La <strong data-start=\"5212\" data-end=\"5242\">cubierta STILL 50024300619<\/strong> es un componente protector utilizado en montacargas y equipos industriales. Ayuda a proteger componentes mec\u00e1nicos, el\u00e9ctricos y electr\u00f3nicos contra polvo, suciedad, impactos y factores externos. Gracias a su estructura resistente, ofrece una larga vida \u00fatil incluso en condiciones industriales exigentes y contribuye al funcionamiento seguro, estable y ordenado del equipo. Tambi\u00e9n ayuda a proteger los componentes del sistema contra el entorno exterior.<\/p>\n<p data-start=\"5700\" data-end=\"6038\" data-is-last-node=\"\" data-is-only-node=\"\"><strong data-start=\"5700\" data-end=\"5721\">Especificaciones:<\/strong><br data-start=\"5721\" data-end=\"5724\" \/>Nombre del producto: Cubierta STILL<br data-start=\"5759\" data-end=\"5762\" \/>C\u00f3digo de pieza: 50024300619<br data-start=\"5790\" data-end=\"5793\" \/>Tipo: Cubierta protectora \/ componente de carrocer\u00eda<br data-start=\"5845\" data-end=\"5848\" \/>Material: Pl\u00e1stico industrial resistente \/ estructura compuesta<br data-start=\"5911\" data-end=\"5914\" \/>Aplicaci\u00f3n: Montacargas y equipos industriales<br data-start=\"5960\" data-end=\"5963\" \/>Ventaja: Protecci\u00f3n de componentes, estructura resistente y larga vida \u00fatil<\/p>\n","protected":false},"featured_media":22452,"template":"","meta":[],"product_brand":[],"product_cat":[524,472,554],"product_tag":[],"class_list":{"0":"post-22448","1":"product","2":"type-product","3":"status-publish","4":"has-post-thumbnail","6":"product_cat-yedek-parca-still","7":"product_cat-kaporta-aksami","8":"product_cat-haftanin-urunleri","10":"first","11":"instock","12":"taxable","13":"shipping-taxable","14":"purchasable","15":"product-type-simple"},"_links":{"self":[{"href":"https:\/\/ceoparts.com\/es\/wp-json\/wp\/v2\/product\/22448","targetHints":{"allow":["GET"]}}],"collection":[{"href":"https:\/\/ceoparts.com\/es\/wp-json\/wp\/v2\/product"}],"about":[{"href":"https:\/\/ceoparts.com\/es\/wp-json\/wp\/v2\/types\/product"}],"wp:featuredmedia":[{"embeddable":true,"href":"https:\/\/ceoparts.com\/es\/wp-json\/wp\/v2\/media\/22452"}],"wp:attachment":[{"href":"https:\/\/ceoparts.com\/es\/wp-json\/wp\/v2\/media?parent=22448"}],"wp:term":[{"taxonomy":"product_brand","embeddable":true,"href":"https:\/\/ceoparts.com\/es\/wp-json\/wp\/v2\/product_brand?post=22448"},{"taxonomy":"product_cat","embeddable":true,"href":"https:\/\/ceoparts.com\/es\/wp-json\/wp\/v2\/product_cat?post=22448"},{"taxonomy":"product_tag","embeddable":true,"href":"https:\/\/ceoparts.com\/es\/wp-json\/wp\/v2\/product_tag?post=22448"}],"curies":[{"name":"wp","href":"https:\/\/api.w.org\/{rel}","templated":true}]}}